{"id":10298,"date":"2026-02-03T11:26:27","date_gmt":"2026-02-03T10:26:27","guid":{"rendered":"https:\/\/www.rafanadalschool.com\/pre-nursery\/"},"modified":"2026-02-03T11:51:14","modified_gmt":"2026-02-03T10:51:14","slug":"pre-nursery","status":"publish","type":"page","link":"https:\/\/www.rafanadalschool.com\/de\/pre-nursery\/","title":{"rendered":"PRE-NURSERY"},"content":{"rendered":"\t\t<div data-elementor-type=\"wp-page\" data-elementor-id=\"10298\" class=\"elementor elementor-10298 elementor-10239\" data-elementor-post-type=\"page\">\n\t\t\t\t<div class=\"elementor-element elementor-element-105b54a e-con-full e-flex e-con e-parent\" data-id=\"105b54a\" data-element_type=\"container\" data-e-type=\"container\" data-settings=\"{&quot;background_background&quot;:&quot;classic&quot;}\">\n\t\t<div class=\"elementor-element elementor-element-ae57870 e-con-full e-flex e-con e-child\" data-id=\"ae57870\" data-element_type=\"container\" data-e-type=\"container\">\n\t\t\t\t<\/div>\n\t\t\t\t<\/div>\n\t\t<div class=\"elementor-element elementor-element-fd48d00 e-con-full e-flex e-con e-parent\" data-id=\"fd48d00\" data-element_type=\"container\" data-e-type=\"container\" data-settings=\"{&quot;background_background&quot;:&quot;classic&quot;}\">\n\t\t<div class=\"elementor-element elementor-element-167b6d8 e-con-full e-flex e-con e-child\" data-id=\"167b6d8\" data-element_type=\"container\" data-e-type=\"container\">\n\t\t\t\t<div class=\"elementor-element elementor-element-f99fc82 elementor-widget elementor-widget-heading\" data-id=\"f99fc82\" data-element_type=\"widget\" data-e-type=\"widget\" data-widget_type=\"heading.default\">\n\t\t\t\t<div class=\"elementor-widget-container\">\n\t\t\t\t\t<h1 class=\"elementor-heading-title elementor-size-default\">Pre-Nursery<\/h1>\t\t\t\t<\/div>\n\t\t\t\t<\/div>\n\t\t\t\t<div class=\"elementor-element elementor-element-5667e37 elementor-widget elementor-widget-text-editor\" data-id=\"5667e37\" data-element_type=\"widget\" data-e-type=\"widget\" data-widget_type=\"text-editor.default\">\n\t\t\t\t<div class=\"elementor-widget-container\">\n\t\t\t\t\t\t\t\t\t<p data-start=\"231\" data-end=\"858\">Die Pre-Nursery-Gruppe folgt dem englischen nationalen Lehrplan und ist vollst\u00e4ndig in den Rahmen der Early Years Foundation Stage (EYFS) eingebettet, der Kinder von der Geburt bis zum f\u00fcnften Lebensjahr umfasst.<br \/><br data-start=\"3293\" data-end=\"3296\" \/>Der Lehrplan wird sorgf\u00e4ltig an den Entwicklungsstand j\u00fcngerer Kinder angepasst, wobei der gleiche p\u00e4dagogische Stil und die gleichen Grundprinzipien wie in der bestehenden Nursery-Klasse beibehalten werden. Das Lernen ist spielerisch, erfahrungsorientiert und auf die zentralen Entwicklungsbereiche ausgerichtet, mit einem starken Fokus auf Kommunikation und Sprache, pers\u00f6nliche, soziale und emotionale Entwicklung sowie k\u00f6rperliche Entwicklung.<\/p>\t\t\t\t\t\t\t\t<\/div>\n\t\t\t\t<\/div>\n\t\t\t\t<\/div>\n\t\t\t\t<\/div>\n\t\t<div class=\"elementor-element elementor-element-7410351 e-con-full e-flex e-con e-parent\" data-id=\"7410351\" data-element_type=\"container\" data-e-type=\"container\" data-settings=\"{&quot;background_background&quot;:&quot;classic&quot;}\">\n\t\t<div class=\"elementor-element elementor-element-31bf93d e-con-full e-flex e-con e-child\" data-id=\"31bf93d\" data-element_type=\"container\" data-e-type=\"container\">\n\t\t\t\t<div class=\"elementor-element elementor-element-25df92c elementor-cta--layout-image-above elementor-cta--mobile-layout-image-above elementor-cta--valign-top elementor-cta--skin-classic elementor-animated-content elementor-bg-transform elementor-bg-transform-zoom-in elementor-widget elementor-widget-call-to-action\" data-id=\"25df92c\" data-element_type=\"widget\" data-e-type=\"widget\" id=\"calendario\" data-widget_type=\"call-to-action.default\">\n\t\t\t\t<div class=\"elementor-widget-container\">\n\t\t\t\t\t\t\t<div class=\"elementor-cta\">\n\t\t\t\t\t<div class=\"elementor-cta__bg-wrapper\">\n\t\t\t\t<div class=\"elementor-cta__bg elementor-bg\" style=\"background-image: url(https:\/\/www.rafanadalschool.com\/wp-content\/uploads\/2026\/02\/RNIS-190-1024x683.jpg);\" role=\"img\" aria-label=\"RNIS-190\"><\/div>\n\t\t\t\t<div class=\"elementor-cta__bg-overlay\"><\/div>\n\t\t\t<\/div>\n\t\t\t\t\t\t\t<div class=\"elementor-cta__content\">\n\t\t\t\t\n\t\t\t\t\t\t\t\t\t<h2 class=\"elementor-cta__title elementor-cta__content-item elementor-content-item\">\n\t\t\t\t\t\tUnterrichtssprache\t\t\t\t\t<\/h2>\n\t\t\t\t\n\t\t\t\t\t\t\t\t\t<div class=\"elementor-cta__description elementor-cta__content-item elementor-content-item\">\n\t\t\t\t\t\tDie Unterrichtssprache ist Englisch, um eine vollst\u00e4ndige sprachliche Immersion von Anfang an zu gew\u00e4hrleisten. Gleichzeitig ber\u00fccksichtigen wir Kinder aus mehrsprachigen Familien und unterst\u00fctzen sie sensibel bei ihrem emotionalen und sprachlichen \u00dcbergang in eine englischsprachige Umgebung.\t\t\t\t\t<\/div>\n\t\t\t\t\n\t\t\t\t\t\t\t<\/div>\n\t\t\t\t\t\t<\/div>\n\t\t\t\t\t\t<\/div>\n\t\t\t\t<\/div>\n\t\t\t\t<\/div>\n\t\t<div class=\"elementor-element elementor-element-f07b71c e-con-full e-flex e-con e-child\" data-id=\"f07b71c\" data-element_type=\"container\" data-e-type=\"container\">\n\t\t\t\t<div class=\"elementor-element elementor-element-f2cdb24 elementor-cta--layout-image-above elementor-cta--mobile-layout-image-above elementor-cta--valign-top elementor-cta--skin-classic elementor-animated-content elementor-bg-transform elementor-bg-transform-zoom-in elementor-widget elementor-widget-call-to-action\" data-id=\"f2cdb24\" data-element_type=\"widget\" data-e-type=\"widget\" id=\"horario\" data-widget_type=\"call-to-action.default\">\n\t\t\t\t<div class=\"elementor-widget-container\">\n\t\t\t\t\t\t\t<div class=\"elementor-cta\">\n\t\t\t\t\t<div class=\"elementor-cta__bg-wrapper\">\n\t\t\t\t<div class=\"elementor-cta__bg elementor-bg\" style=\"background-image: url(https:\/\/www.rafanadalschool.com\/wp-content\/uploads\/2026\/02\/RNIS-065-e1770110334310-1024x555.jpg);\" role=\"img\" aria-label=\"RNIS-065\"><\/div>\n\t\t\t\t<div class=\"elementor-cta__bg-overlay\"><\/div>\n\t\t\t<\/div>\n\t\t\t\t\t\t\t<div class=\"elementor-cta__content\">\n\t\t\t\t\n\t\t\t\t\t\t\t\t\t<h2 class=\"elementor-cta__title elementor-cta__content-item elementor-content-item\">\n\t\t\t\t\t\tGeb\u00fchren\t\t\t\t\t<\/h2>\n\t\t\t\t\n\t\t\t\t\t\t\t\t\t<div class=\"elementor-cta__description elementor-cta__content-item elementor-content-item\">\n\t\t\t\t\t\tDie monatlichen und j\u00e4hrlichen Geb\u00fchren f\u00fcr die Pre-Nursery entsprechen den Geb\u00fchren der bestehenden Nursery-Klasse. Detaillierte Informationen werden direkt vom Aufnahmeteam bereitgestellt.\t\t\t\t\t<\/div>\n\t\t\t\t\n\t\t\t\t\t\t\t<\/div>\n\t\t\t\t\t\t<\/div>\n\t\t\t\t\t\t<\/div>\n\t\t\t\t<\/div>\n\t\t\t\t<\/div>\n\t\t<div class=\"elementor-element elementor-element-d7704da e-con-full e-flex e-con e-child\" data-id=\"d7704da\" data-element_type=\"container\" data-e-type=\"container\">\n\t\t\t\t<div class=\"elementor-element elementor-element-c7f2d3c elementor-cta--layout-image-above elementor-cta--mobile-layout-image-above elementor-cta--valign-top elementor-cta--skin-classic elementor-animated-content elementor-bg-transform elementor-bg-transform-zoom-in elementor-widget elementor-widget-call-to-action\" data-id=\"c7f2d3c\" data-element_type=\"widget\" data-e-type=\"widget\" id=\"cv\" data-widget_type=\"call-to-action.default\">\n\t\t\t\t<div class=\"elementor-widget-container\">\n\t\t\t\t\t\t\t<div class=\"elementor-cta\">\n\t\t\t\t\t<div class=\"elementor-cta__bg-wrapper\">\n\t\t\t\t<div class=\"elementor-cta__bg elementor-bg\" style=\"background-image: url(https:\/\/www.rafanadalschool.com\/wp-content\/uploads\/2024\/09\/DSC09212-Mejorado-NR-1024x819.jpg);\" role=\"img\" aria-label=\"DSC09212-Mejorado-NR\"><\/div>\n\t\t\t\t<div class=\"elementor-cta__bg-overlay\"><\/div>\n\t\t\t<\/div>\n\t\t\t\t\t\t\t<div class=\"elementor-cta__content\">\n\t\t\t\t\n\t\t\t\t\t\t\t\t\t<h2 class=\"elementor-cta__title elementor-cta__content-item elementor-content-item\">\n\t\t\t\t\t\tR\u00e4umlichkeiten und Ausstattung\t\t\t\t\t<\/h2>\n\t\t\t\t\n\t\t\t\t\t\t\t\t\t<div class=\"elementor-cta__description elementor-cta__content-item elementor-content-item\">\n\t\t\t\t\t\tDie Pre-Nursery befindet sich in einer neu gestalteten, eigenst\u00e4ndigen Einheit innerhalb des Primarschulbereichs. Die R\u00e4umlichkeiten verf\u00fcgen \u00fcber eigene Wasch-, Wickel- und Sanit\u00e4rbereiche sowie \u00fcber exklusiven Zugang zu einem Au\u00dfenbereich, der speziell f\u00fcr j\u00fcngere Kinder konzipiert ist.\t\t\t\t\t<\/div>\n\t\t\t\t\n\t\t\t\t\t\t\t<\/div>\n\t\t\t\t\t\t<\/div>\n\t\t\t\t\t\t<\/div>\n\t\t\t\t<\/div>\n\t\t\t\t<\/div>\n\t\t\t\t<\/div>\n\t\t<div class=\"elementor-element elementor-element-3a9452c e-flex e-con-boxed e-con e-parent\" data-id=\"3a9452c\" data-element_type=\"container\" data-e-type=\"container\" id=\"sat\" data-settings=\"{&quot;background_background&quot;:&quot;classic&quot;}\">\n\t\t\t\t\t<div class=\"e-con-inner\">\n\t\t<div class=\"elementor-element elementor-element-8bfdf48 e-con-full e-flex e-con e-child\" data-id=\"8bfdf48\" data-element_type=\"container\" data-e-type=\"container\">\n\t\t\t\t<div class=\"elementor-element elementor-element-3113c30 elementor-widget elementor-widget-heading\" data-id=\"3113c30\" data-element_type=\"widget\" data-e-type=\"widget\" data-widget_type=\"heading.default\">\n\t\t\t\t<div class=\"elementor-widget-container\">\n\t\t\t\t\t<h2 class=\"elementor-heading-title elementor-size-default\">Klassengr\u00f6\u00dfe<\/h2>\t\t\t\t<\/div>\n\t\t\t\t<\/div>\n\t\t\t\t<div class=\"elementor-element elementor-element-4a589be elementor-widget elementor-widget-text-editor\" data-id=\"4a589be\" data-element_type=\"widget\" data-e-type=\"widget\" data-widget_type=\"text-editor.default\">\n\t\t\t\t<div class=\"elementor-widget-container\">\n\t\t\t\t\t\t\t\t\t<p>Die Pre-Nursery-Klasse wird aus maximal 18 Kindern bestehen. Die Gruppe wird von zwei qualifizierten Klassenlehrkr\u00e4ften und einer p\u00e4dagogischen Assistenzkraft betreut, wodurch ein hoher Betreuungsschl\u00fcssel gew\u00e4hrleistet ist. Alle Mitarbeitenden sind vollst\u00e4ndig qualifiziert und geschult, einschlie\u00dflich einer aktuellen Zertifizierung in p\u00e4diatrischer Erster Hilfe sowie entsprechender Schulungen im Bereich Kinderschutz.<\/p>\t\t\t\t\t\t\t\t<\/div>\n\t\t\t\t<\/div>\n\t\t\t\t<\/div>\n\t\t\t\t\t<\/div>\n\t\t\t\t<\/div>\n\t\t<div class=\"elementor-element elementor-element-1877709 e-flex e-con-boxed e-con e-parent\" data-id=\"1877709\" data-element_type=\"container\" data-e-type=\"container\" data-settings=\"{&quot;background_background&quot;:&quot;classic&quot;}\">\n\t\t\t\t\t<div class=\"e-con-inner\">\n\t\t<div class=\"elementor-element elementor-element-4af822c e-con-full e-flex e-con e-child\" data-id=\"4af822c\" data-element_type=\"container\" data-e-type=\"container\">\n\t\t\t\t<div class=\"elementor-element elementor-element-3c8764d elementor-widget elementor-widget-heading\" data-id=\"3c8764d\" data-element_type=\"widget\" data-e-type=\"widget\" data-widget_type=\"heading.default\">\n\t\t\t\t<div class=\"elementor-widget-container\">\n\t\t\t\t\t<h1 class=\"elementor-heading-title elementor-size-default\">Tagesablauf und Schuljahr<\/h1>\t\t\t\t<\/div>\n\t\t\t\t<\/div>\n\t\t\t\t<div class=\"elementor-element elementor-element-ae6d65b elementor-widget elementor-widget-text-editor\" data-id=\"ae6d65b\" data-element_type=\"widget\" data-e-type=\"widget\" data-widget_type=\"text-editor.default\">\n\t\t\t\t<div class=\"elementor-widget-container\">\n\t\t\t\t\t\t\t\t\t<p data-start=\"231\" data-end=\"858\">Das Programm bietet einen ganzen Schultag, und der akademische Kalender ist an den bestehenden Schulkalender angepasst.<br \/><br data-start=\"4354\" data-end=\"4357\" \/>Gleichzeitig besteht ein hohes Ma\u00df an Flexibilit\u00e4t, um den Bed\u00fcrfnissen der Familien gerecht zu werden. So k\u00f6nnen Eltern ihre Kinder an bestimmten Tagen fr\u00fcher abholen. Wir erkennen die Bedeutung einer engen Zusammenarbeit mit den Familien in dieser fr\u00fchen Bildungsphase an.<\/p>\t\t\t\t\t\t\t\t<\/div>\n\t\t\t\t<\/div>\n\t\t\t\t<\/div>\n\t\t\t\t\t<\/div>\n\t\t\t\t<\/div>\n\t\t<div class=\"elementor-element elementor-element-d814cb3 e-flex e-con-boxed e-con e-parent\" data-id=\"d814cb3\" data-element_type=\"container\" data-e-type=\"container\" data-settings=\"{&quot;background_background&quot;:&quot;classic&quot;}\">\n\t\t\t\t\t<div class=\"e-con-inner\">\n\t\t<div class=\"elementor-element elementor-element-37e5d2d e-con-full e-flex e-con e-child\" data-id=\"37e5d2d\" data-element_type=\"container\" data-e-type=\"container\">\n\t\t\t\t<div class=\"elementor-element elementor-element-6162171 elementor-widget elementor-widget-heading\" data-id=\"6162171\" data-element_type=\"widget\" data-e-type=\"widget\" data-widget_type=\"heading.default\">\n\t\t\t\t<div class=\"elementor-widget-container\">\n\t\t\t\t\t<h2 class=\"elementor-heading-title elementor-size-default\">Verpflegung<\/h2>\t\t\t\t<\/div>\n\t\t\t\t<\/div>\n\t\t\t\t<div class=\"elementor-element elementor-element-f8d343e elementor-widget elementor-widget-text-editor\" data-id=\"f8d343e\" data-element_type=\"widget\" data-e-type=\"widget\" data-widget_type=\"text-editor.default\">\n\t\t\t\t<div class=\"elementor-widget-container\">\n\t\t\t\t\t\t\t\t\t<p data-start=\"4655\" data-end=\"5088\">Alle Mahlzeiten sind altersgerecht und ausgewogen, speziell auf die Bed\u00fcrfnisse junger Kinder abgestimmt. Die Speisepl\u00e4ne werden in Zusammenarbeit mit der Schulern\u00e4hrungsberatung erstellt, um die entwicklungsbezogenen und ern\u00e4hrungsphysiologischen Anforderungen zu erf\u00fcllen.<br \/><br data-start=\"4933\" data-end=\"4936\" \/>Die Kinder essen innerhalb der Pre-Nursery-Einheit, anstatt in den Hauptspeisesaal zu gehen, was eine ruhige, vertraute und sichere Umgebung bietet.<\/p>\t\t\t\t\t\t\t\t<\/div>\n\t\t\t\t<\/div>\n\t\t\t\t<\/div>\n\t\t\t\t\t<\/div>\n\t\t\t\t<\/div>\n\t\t<div class=\"elementor-element elementor-element-28c89af e-flex e-con-boxed e-con e-parent\" data-id=\"28c89af\" data-element_type=\"container\" data-e-type=\"container\">\n\t\t\t\t\t<div class=\"e-con-inner\">\n\t\t\t\t<div class=\"elementor-element elementor-element-e520f19 elementor-widget-divider--view-line elementor-widget elementor-widget-divider\" data-id=\"e520f19\" data-element_type=\"widget\" data-e-type=\"widget\" data-widget_type=\"divider.default\">\n\t\t\t\t<div class=\"elementor-widget-container\">\n\t\t\t\t\t\t\t<div class=\"elementor-divider\">\n\t\t\t<span class=\"elementor-divider-separator\">\n\t\t\t\t\t\t<\/span>\n\t\t<\/div>\n\t\t\t\t\t\t<\/div>\n\t\t\t\t<\/div>\n\t\t\t\t\t<\/div>\n\t\t\t\t<\/div>\n\t\t\t\t<\/div>\n\t\t","protected":false},"excerpt":{"rendered":"<p>Pre-Nursery Die Pre-Nursery-Gruppe folgt dem englischen nationalen Lehrplan und ist vollst\u00e4ndig in den Rahmen der Early Years Foundation Stage (EYFS) eingebettet, der Kinder von der Geburt bis zum f\u00fcnften Lebensjahr umfasst.Der Lehrplan wird sorgf\u00e4ltig an den Entwicklungsstand j\u00fcngerer Kinder angepasst, wobei der gleiche p\u00e4dagogische Stil und die gleichen Grundprinzipien wie in der bestehenden Nursery-Klasse beibehalten &#8230; <a title=\"PRE-NURSERY\" class=\"read-more\" href=\"https:\/\/www.rafanadalschool.com\/de\/pre-nursery\/\" aria-label=\"Mehr Informationen \u00fcber PRE-NURSERY\">Weiterlesen<\/a><\/p>\n","protected":false},"author":1,"featured_media":0,"parent":0,"menu_order":0,"comment_status":"closed","ping_status":"closed","template":"elementor_header_footer","meta":{"footnotes":""},"class_list":["post-10298","page","type-page","status-publish"],"yoast_head":"<!-- This site is optimized with the Yoast SEO plugin v27.5 - https:\/\/yoast.com\/product\/yoast-seo-wordpress\/ -->\n<title>PRE-NURSERY - Rafa Nadal School<\/title>\n<meta name=\"description\" content=\"Die Mittelstufe der Rafa Nadal Schule bereitet die Sch\u00fcler auf akademische und pers\u00f6nliche Herausforderungen vor und f\u00f6rdert ihre ganzheitliche Entwicklung.\" \/>\n<meta name=\"robots\" content=\"index, follow, max-snippet:-1, max-image-preview:large, max-video-preview:-1\" \/>\n<link rel=\"canonical\" href=\"https:\/\/www.rafanadalschool.com\/pre-nursery\/\" \/>\n<meta property=\"og:locale\" content=\"de_DE\" \/>\n<meta property=\"og:type\" content=\"article\" \/>\n<meta property=\"og:title\" content=\"PRE-NURSERY - Rafa Nadal School\" \/>\n<meta property=\"og:description\" content=\"Die Mittelstufe der Rafa Nadal Schule bereitet die Sch\u00fcler auf akademische und pers\u00f6nliche Herausforderungen vor und f\u00f6rdert ihre ganzheitliche Entwicklung.\" \/>\n<meta property=\"og:url\" content=\"https:\/\/www.rafanadalschool.com\/pre-nursery\/\" \/>\n<meta property=\"og:site_name\" content=\"Rafa Nadal School\" \/>\n<meta property=\"article:modified_time\" content=\"2026-02-03T10:51:14+00:00\" \/>\n<meta name=\"twitter:card\" content=\"summary_large_image\" \/>\n<meta name=\"twitter:label1\" content=\"Gesch\u00e4tzte Lesezeit\" \/>\n\t<meta name=\"twitter:data1\" content=\"2\u00a0Minuten\" \/>\n<script type=\"application\/ld+json\" class=\"yoast-schema-graph\">{\"@context\":\"https:\\\/\\\/schema.org\",\"@graph\":[{\"@type\":\"WebPage\",\"@id\":\"https:\\\/\\\/www.rafanadalschool.com\\\/pre-nursery\\\/\",\"url\":\"https:\\\/\\\/www.rafanadalschool.com\\\/pre-nursery\\\/\",\"name\":\"PRE-NURSERY - Rafa Nadal School\",\"isPartOf\":{\"@id\":\"https:\\\/\\\/www.rafanadalschool.com\\\/en\\\/#website\"},\"datePublished\":\"2026-02-03T10:26:27+00:00\",\"dateModified\":\"2026-02-03T10:51:14+00:00\",\"description\":\"Die Mittelstufe der Rafa Nadal Schule bereitet die Sch\u00fcler auf akademische und pers\u00f6nliche Herausforderungen vor und f\u00f6rdert ihre ganzheitliche Entwicklung.\",\"breadcrumb\":{\"@id\":\"https:\\\/\\\/www.rafanadalschool.com\\\/pre-nursery\\\/#breadcrumb\"},\"inLanguage\":\"de\",\"potentialAction\":[{\"@type\":\"ReadAction\",\"target\":[\"https:\\\/\\\/www.rafanadalschool.com\\\/pre-nursery\\\/\"]}]},{\"@type\":\"BreadcrumbList\",\"@id\":\"https:\\\/\\\/www.rafanadalschool.com\\\/pre-nursery\\\/#breadcrumb\",\"itemListElement\":[{\"@type\":\"ListItem\",\"position\":1,\"name\":\"Portada\",\"item\":\"https:\\\/\\\/www.rafanadalschool.com\\\/\"},{\"@type\":\"ListItem\",\"position\":2,\"name\":\"PRE-NURSERY\"}]},{\"@type\":\"WebSite\",\"@id\":\"https:\\\/\\\/www.rafanadalschool.com\\\/en\\\/#website\",\"url\":\"https:\\\/\\\/www.rafanadalschool.com\\\/en\\\/\",\"name\":\"Rafa Nadal School\",\"description\":\"American International School of Mallorca\",\"publisher\":{\"@id\":\"https:\\\/\\\/www.rafanadalschool.com\\\/en\\\/#organization\"},\"potentialAction\":[{\"@type\":\"SearchAction\",\"target\":{\"@type\":\"EntryPoint\",\"urlTemplate\":\"https:\\\/\\\/www.rafanadalschool.com\\\/en\\\/?s={search_term_string}\"},\"query-input\":{\"@type\":\"PropertyValueSpecification\",\"valueRequired\":true,\"valueName\":\"search_term_string\"}}],\"inLanguage\":\"de\"},{\"@type\":\"Organization\",\"@id\":\"https:\\\/\\\/www.rafanadalschool.com\\\/en\\\/#organization\",\"name\":\"Rafa Nadal School\",\"url\":\"https:\\\/\\\/www.rafanadalschool.com\\\/en\\\/\",\"logo\":{\"@type\":\"ImageObject\",\"inLanguage\":\"de\",\"@id\":\"https:\\\/\\\/www.rafanadalschool.com\\\/en\\\/#\\\/schema\\\/logo\\\/image\\\/\",\"url\":\"https:\\\/\\\/www.rafanadalschool.com\\\/wp-content\\\/uploads\\\/2022\\\/02\\\/RNIS_blanco-e1749628779400.png\",\"contentUrl\":\"https:\\\/\\\/www.rafanadalschool.com\\\/wp-content\\\/uploads\\\/2022\\\/02\\\/RNIS_blanco-e1749628779400.png\",\"width\":1285,\"height\":280,\"caption\":\"Rafa Nadal School\"},\"image\":{\"@id\":\"https:\\\/\\\/www.rafanadalschool.com\\\/en\\\/#\\\/schema\\\/logo\\\/image\\\/\"}}]}<\/script>\n<!-- \/ Yoast SEO plugin. -->","yoast_head_json":{"title":"PRE-NURSERY - Rafa Nadal School","description":"Die Mittelstufe der Rafa Nadal Schule bereitet die Sch\u00fcler auf akademische und pers\u00f6nliche Herausforderungen vor und f\u00f6rdert ihre ganzheitliche Entwicklung.","robots":{"index":"index","follow":"follow","max-snippet":"max-snippet:-1","max-image-preview":"max-image-preview:large","max-video-preview":"max-video-preview:-1"},"canonical":"https:\/\/www.rafanadalschool.com\/pre-nursery\/","og_locale":"de_DE","og_type":"article","og_title":"PRE-NURSERY - Rafa Nadal School","og_description":"Die Mittelstufe der Rafa Nadal Schule bereitet die Sch\u00fcler auf akademische und pers\u00f6nliche Herausforderungen vor und f\u00f6rdert ihre ganzheitliche Entwicklung.","og_url":"https:\/\/www.rafanadalschool.com\/pre-nursery\/","og_site_name":"Rafa Nadal School","article_modified_time":"2026-02-03T10:51:14+00:00","twitter_card":"summary_large_image","twitter_misc":{"Gesch\u00e4tzte Lesezeit":"2\u00a0Minuten"},"schema":{"@context":"https:\/\/schema.org","@graph":[{"@type":"WebPage","@id":"https:\/\/www.rafanadalschool.com\/pre-nursery\/","url":"https:\/\/www.rafanadalschool.com\/pre-nursery\/","name":"PRE-NURSERY - Rafa Nadal School","isPartOf":{"@id":"https:\/\/www.rafanadalschool.com\/en\/#website"},"datePublished":"2026-02-03T10:26:27+00:00","dateModified":"2026-02-03T10:51:14+00:00","description":"Die Mittelstufe der Rafa Nadal Schule bereitet die Sch\u00fcler auf akademische und pers\u00f6nliche Herausforderungen vor und f\u00f6rdert ihre ganzheitliche Entwicklung.","breadcrumb":{"@id":"https:\/\/www.rafanadalschool.com\/pre-nursery\/#breadcrumb"},"inLanguage":"de","potentialAction":[{"@type":"ReadAction","target":["https:\/\/www.rafanadalschool.com\/pre-nursery\/"]}]},{"@type":"BreadcrumbList","@id":"https:\/\/www.rafanadalschool.com\/pre-nursery\/#breadcrumb","itemListElement":[{"@type":"ListItem","position":1,"name":"Portada","item":"https:\/\/www.rafanadalschool.com\/"},{"@type":"ListItem","position":2,"name":"PRE-NURSERY"}]},{"@type":"WebSite","@id":"https:\/\/www.rafanadalschool.com\/en\/#website","url":"https:\/\/www.rafanadalschool.com\/en\/","name":"Rafa Nadal School","description":"American International School of Mallorca","publisher":{"@id":"https:\/\/www.rafanadalschool.com\/en\/#organization"},"potentialAction":[{"@type":"SearchAction","target":{"@type":"EntryPoint","urlTemplate":"https:\/\/www.rafanadalschool.com\/en\/?s={search_term_string}"},"query-input":{"@type":"PropertyValueSpecification","valueRequired":true,"valueName":"search_term_string"}}],"inLanguage":"de"},{"@type":"Organization","@id":"https:\/\/www.rafanadalschool.com\/en\/#organization","name":"Rafa Nadal School","url":"https:\/\/www.rafanadalschool.com\/en\/","logo":{"@type":"ImageObject","inLanguage":"de","@id":"https:\/\/www.rafanadalschool.com\/en\/#\/schema\/logo\/image\/","url":"https:\/\/www.rafanadalschool.com\/wp-content\/uploads\/2022\/02\/RNIS_blanco-e1749628779400.png","contentUrl":"https:\/\/www.rafanadalschool.com\/wp-content\/uploads\/2022\/02\/RNIS_blanco-e1749628779400.png","width":1285,"height":280,"caption":"Rafa Nadal School"},"image":{"@id":"https:\/\/www.rafanadalschool.com\/en\/#\/schema\/logo\/image\/"}}]}},"_links":{"self":[{"href":"https:\/\/www.rafanadalschool.com\/de\/wp-json\/wp\/v2\/pages\/10298","targetHints":{"allow":["GET"]}}],"collection":[{"href":"https:\/\/www.rafanadalschool.com\/de\/wp-json\/wp\/v2\/pages"}],"about":[{"href":"https:\/\/www.rafanadalschool.com\/de\/wp-json\/wp\/v2\/types\/page"}],"author":[{"embeddable":true,"href":"https:\/\/www.rafanadalschool.com\/de\/wp-json\/wp\/v2\/users\/1"}],"replies":[{"embeddable":true,"href":"https:\/\/www.rafanadalschool.com\/de\/wp-json\/wp\/v2\/comments?post=10298"}],"version-history":[{"count":4,"href":"https:\/\/www.rafanadalschool.com\/de\/wp-json\/wp\/v2\/pages\/10298\/revisions"}],"predecessor-version":[{"id":10303,"href":"https:\/\/www.rafanadalschool.com\/de\/wp-json\/wp\/v2\/pages\/10298\/revisions\/10303"}],"wp:attachment":[{"href":"https:\/\/www.rafanadalschool.com\/de\/wp-json\/wp\/v2\/media?parent=10298"}],"curies":[{"name":"wp","href":"https:\/\/api.w.org\/{rel}","templated":true}]}}