{"id":9477,"date":"2021-04-12T14:51:38","date_gmt":"2021-04-12T12:51:38","guid":{"rendered":"https:\/\/www.rafanadalschool.com\/mittelschule\/"},"modified":"2025-11-21T15:44:42","modified_gmt":"2025-11-21T14:44:42","slug":"mittelschule","status":"publish","type":"page","link":"https:\/\/www.rafanadalschool.com\/de\/mittelschule\/","title":{"rendered":"MITTELSCHULE"},"content":{"rendered":"\t\t<div data-elementor-type=\"wp-page\" data-elementor-id=\"9477\" class=\"elementor elementor-9477 elementor-993\" data-elementor-post-type=\"page\">\n\t\t\t\t<div class=\"elementor-element elementor-element-105b54a e-con-full e-flex e-con e-parent\" data-id=\"105b54a\" data-element_type=\"container\" data-e-type=\"container\" data-settings=\"{&quot;background_background&quot;:&quot;classic&quot;}\">\n\t\t<div class=\"elementor-element elementor-element-ae57870 e-con-full e-flex e-con e-child\" data-id=\"ae57870\" data-element_type=\"container\" data-e-type=\"container\">\n\t\t\t\t<\/div>\n\t\t\t\t<\/div>\n\t\t<div class=\"elementor-element elementor-element-fd48d00 e-con-full e-flex e-con e-parent\" data-id=\"fd48d00\" data-element_type=\"container\" data-e-type=\"container\" data-settings=\"{&quot;background_background&quot;:&quot;classic&quot;}\">\n\t\t<div class=\"elementor-element elementor-element-167b6d8 e-con-full e-flex e-con e-child\" data-id=\"167b6d8\" data-element_type=\"container\" data-e-type=\"container\">\n\t\t\t\t<div class=\"elementor-element elementor-element-f99fc82 elementor-widget elementor-widget-heading\" data-id=\"f99fc82\" data-element_type=\"widget\" data-e-type=\"widget\" data-widget_type=\"heading.default\">\n\t\t\t\t<div class=\"elementor-widget-container\">\n\t\t\t\t\t<h1 class=\"elementor-heading-title elementor-size-default\">Mittelschule<\/h1>\t\t\t\t<\/div>\n\t\t\t\t<\/div>\n\t\t\t\t<div class=\"elementor-element elementor-element-5667e37 elementor-widget elementor-widget-text-editor\" data-id=\"5667e37\" data-element_type=\"widget\" data-e-type=\"widget\" data-widget_type=\"text-editor.default\">\n\t\t\t\t<div class=\"elementor-widget-container\">\n\t\t\t\t\t\t\t\t\t<p>Unser amerikanisches Middle School-Programm f\u00fcr die Klassen 7 und 8 legt den Grundstein daf\u00fcr, dass unsere Sch\u00fcler die Herausforderungen, die sie in der High School erwarten, erfolgreich meistern k\u00f6nnen. Dies f\u00fchrt zu einem reibungslosen \u00dcbergang, der ihr Selbstvertrauen weiter entwickelt und st\u00e4rkt. Wir entwickeln ein Bewusstsein f\u00fcr die Gemeinschaft, damit unsere Sch\u00fcler in einer unterst\u00fctzenden Umgebung aufwachsen, die jedes Kind ermutigt, als einzigartiges Individuum zu lernen und zu wachsen. <\/p>\t\t\t\t\t\t\t\t<\/div>\n\t\t\t\t<\/div>\n\t\t\t\t<\/div>\n\t\t\t\t<\/div>\n\t\t<div class=\"elementor-element elementor-element-7410351 e-con-full e-flex e-con e-parent\" data-id=\"7410351\" data-element_type=\"container\" data-e-type=\"container\" data-settings=\"{&quot;background_background&quot;:&quot;classic&quot;}\">\n\t\t<div class=\"elementor-element elementor-element-31bf93d e-con-full e-flex e-con e-child\" data-id=\"31bf93d\" data-element_type=\"container\" data-e-type=\"container\">\n\t\t\t\t<div class=\"elementor-element elementor-element-25df92c elementor-cta--layout-image-above elementor-cta--mobile-layout-image-above elementor-cta--valign-middle elementor-cta--skin-classic elementor-animated-content elementor-bg-transform elementor-bg-transform-zoom-in elementor-widget elementor-widget-call-to-action\" data-id=\"25df92c\" data-element_type=\"widget\" data-e-type=\"widget\" id=\"calendario\" data-widget_type=\"call-to-action.default\">\n\t\t\t\t<div class=\"elementor-widget-container\">\n\t\t\t\t\t\t\t<div class=\"elementor-cta\">\n\t\t\t\t\t<div class=\"elementor-cta__bg-wrapper\">\n\t\t\t\t<div class=\"elementor-cta__bg elementor-bg\" style=\"background-image: url(https:\/\/www.rafanadalschool.com\/wp-content\/uploads\/2023\/12\/DSC06890-1024x683.jpg);\" role=\"img\" aria-label=\"DSC06890\"><\/div>\n\t\t\t\t<div class=\"elementor-cta__bg-overlay\"><\/div>\n\t\t\t<\/div>\n\t\t\t\t\t\t\t<div class=\"elementor-cta__content\">\n\t\t\t\t\n\t\t\t\t\t\t\t\t\t<h2 class=\"elementor-cta__title elementor-cta__content-item elementor-content-item\">\n\t\t\t\t\t\tKalender 2025-2026\t\t\t\t\t<\/h2>\n\t\t\t\t\n\t\t\t\t\n\t\t\t\t\t\t\t\t\t<div class=\"elementor-cta__button-wrapper elementor-cta__content-item elementor-content-item \">\n\t\t\t\t\t<a class=\"elementor-cta__button elementor-button elementor-size-\" href=\"https:\/\/www.rafanadalschool.com\/wp-content\/uploads\/2025\/11\/Calendar-Secondary-25-2635.pdf\" target=\"_blank\">\n\t\t\t\t\t\tHerunterladen\t\t\t\t\t<\/a>\n\t\t\t\t\t<\/div>\n\t\t\t\t\t\t\t<\/div>\n\t\t\t\t\t\t<\/div>\n\t\t\t\t\t\t<\/div>\n\t\t\t\t<\/div>\n\t\t\t\t<\/div>\n\t\t<div class=\"elementor-element elementor-element-f07b71c e-con-full e-flex e-con e-child\" data-id=\"f07b71c\" data-element_type=\"container\" data-e-type=\"container\">\n\t\t\t\t<div class=\"elementor-element elementor-element-f2cdb24 elementor-cta--layout-image-above elementor-cta--mobile-layout-image-above elementor-cta--valign-middle elementor-cta--skin-classic elementor-animated-content elementor-bg-transform elementor-bg-transform-zoom-in elementor-widget elementor-widget-call-to-action\" data-id=\"f2cdb24\" data-element_type=\"widget\" data-e-type=\"widget\" id=\"horario\" data-widget_type=\"call-to-action.default\">\n\t\t\t\t<div class=\"elementor-widget-container\">\n\t\t\t\t\t\t\t<div class=\"elementor-cta\">\n\t\t\t\t\t<div class=\"elementor-cta__bg-wrapper\">\n\t\t\t\t<div class=\"elementor-cta__bg elementor-bg\" style=\"background-image: url(https:\/\/www.rafanadalschool.com\/wp-content\/uploads\/2023\/12\/WhatsApp-Image-2023-12-11-at-11.02.57-1024x682.jpeg);\" role=\"img\" aria-label=\"WhatsApp Image 2023-12-11 at 11.02.57\"><\/div>\n\t\t\t\t<div class=\"elementor-cta__bg-overlay\"><\/div>\n\t\t\t<\/div>\n\t\t\t\t\t\t\t<div class=\"elementor-cta__content\">\n\t\t\t\t\n\t\t\t\t\t\t\t\t\t<h2 class=\"elementor-cta__title elementor-cta__content-item elementor-content-item\">\n\t\t\t\t\t\tSchulstunden\t\t\t\t\t<\/h2>\n\t\t\t\t\n\t\t\t\t\n\t\t\t\t\t\t\t\t\t<div class=\"elementor-cta__button-wrapper elementor-cta__content-item elementor-content-item \">\n\t\t\t\t\t<a class=\"elementor-cta__button elementor-button elementor-size-\" href=\"https:\/\/www.rafanadalschool.com\/wp-content\/uploads\/2023\/10\/Year-1-and-5.pdf\" target=\"_blank\">\n\t\t\t\t\t\tBeispiel herunterladen\t\t\t\t\t<\/a>\n\t\t\t\t\t<\/div>\n\t\t\t\t\t\t\t<\/div>\n\t\t\t\t\t\t<\/div>\n\t\t\t\t\t\t<\/div>\n\t\t\t\t<\/div>\n\t\t\t\t<\/div>\n\t\t<div class=\"elementor-element elementor-element-d7704da e-con-full e-flex e-con e-child\" data-id=\"d7704da\" data-element_type=\"container\" data-e-type=\"container\">\n\t\t\t\t<div class=\"elementor-element elementor-element-c7f2d3c elementor-cta--layout-image-above elementor-cta--mobile-layout-image-above elementor-cta--valign-middle elementor-cta--skin-classic elementor-animated-content elementor-bg-transform elementor-bg-transform-zoom-in elementor-widget elementor-widget-call-to-action\" data-id=\"c7f2d3c\" data-element_type=\"widget\" data-e-type=\"widget\" id=\"cv\" data-widget_type=\"call-to-action.default\">\n\t\t\t\t<div class=\"elementor-widget-container\">\n\t\t\t\t\t\t\t<div class=\"elementor-cta\">\n\t\t\t\t\t<div class=\"elementor-cta__bg-wrapper\">\n\t\t\t\t<div class=\"elementor-cta__bg elementor-bg\" style=\"background-image: url(https:\/\/www.rafanadalschool.com\/wp-content\/uploads\/2023\/01\/DSC05576-scaled-e1750086623808-1024x579.jpg);\" role=\"img\" aria-label=\"DSC05576\"><\/div>\n\t\t\t\t<div class=\"elementor-cta__bg-overlay\"><\/div>\n\t\t\t<\/div>\n\t\t\t\t\t\t\t<div class=\"elementor-cta__content\">\n\t\t\t\t\n\t\t\t\t\t\t\t\t\t<h2 class=\"elementor-cta__title elementor-cta__content-item elementor-content-item\">\n\t\t\t\t\t\tLehrplan\t\t\t\t\t<\/h2>\n\t\t\t\t\n\t\t\t\t\n\t\t\t\t\t\t\t\t\t<div class=\"elementor-cta__button-wrapper elementor-cta__content-item elementor-content-item \">\n\t\t\t\t\t<a class=\"elementor-cta__button elementor-button elementor-size-\" href=\"https:\/\/www.rafanadalschool.com\/wp-content\/uploads\/2025\/07\/CV-middle-school-en.pdf\" target=\"_blank\">\n\t\t\t\t\t\tHerunterladen\t\t\t\t\t<\/a>\n\t\t\t\t\t<\/div>\n\t\t\t\t\t\t\t<\/div>\n\t\t\t\t\t\t<\/div>\n\t\t\t\t\t\t<\/div>\n\t\t\t\t<\/div>\n\t\t\t\t<\/div>\n\t\t\t\t<\/div>\n\t\t<div class=\"elementor-element elementor-element-3d21797 e-flex e-con-boxed e-con e-parent\" data-id=\"3d21797\" data-element_type=\"container\" data-e-type=\"container\" id=\"vida\" data-settings=\"{&quot;background_background&quot;:&quot;classic&quot;}\">\n\t\t\t\t\t<div class=\"e-con-inner\">\n\t\t<div class=\"elementor-element elementor-element-59293b4 e-con-full e-flex e-con e-child\" data-id=\"59293b4\" data-element_type=\"container\" data-e-type=\"container\">\n\t\t\t\t<div class=\"elementor-element elementor-element-93759fe elementor-widget elementor-widget-heading\" data-id=\"93759fe\" data-element_type=\"widget\" data-e-type=\"widget\" data-widget_type=\"heading.default\">\n\t\t\t\t<div class=\"elementor-widget-container\">\n\t\t\t\t\t<h1 class=\"elementor-heading-title elementor-size-default\">Schulleben<\/h1>\t\t\t\t<\/div>\n\t\t\t\t<\/div>\n\t\t\t\t<div class=\"elementor-element elementor-element-ce8e3e0 elementor-widget elementor-widget-text-editor\" data-id=\"ce8e3e0\" data-element_type=\"widget\" data-e-type=\"widget\" data-widget_type=\"text-editor.default\">\n\t\t\t\t<div class=\"elementor-widget-container\">\n\t\t\t\t\t\t\t\t\t<p>An der RNS bem\u00fchen wir uns sehr darum, dass jeder Sch\u00fcler sowohl innerhalb als auch au\u00dferhalb des Klassenzimmers begeistert, ermutigt und umsorgt wird. Der Schultag ist sehr gesch\u00e4ftig: Unterricht, Sport, Hobbys, au\u00dferschulische Aktivit\u00e4ten, Ausfl\u00fcge, Konferenzen, Umweltthemen, Spendensammlungen, usw. An der RNS ist st\u00e4ndig etwas los und alle unsere Sch\u00fcler sind in viele verschiedene Bereiche eingebunden, die sie besch\u00e4ftigen, gl\u00fccklich machen und nicht zuletzt Spa\u00df machen. Wir glauben, dass gl\u00fcckliche Sch\u00fcler erfolgreiche Sch\u00fcler sind.   <\/p><p>An der RNS werden das ganze Schuljahr \u00fcber kulturelle und bildungsbezogene Ausfl\u00fcge organisiert. Diese Ausfl\u00fcge basieren auf dem Thema, das im Unterricht behandelt wird, und vertiefen das Gelernte. Die Ausfl\u00fcge variieren je nach Jahrgangsstufe und umfassen Besuche von Museen, Bauernh\u00f6fen, lokalen Industrien, historischen Denkm\u00e4lern, Theatern und Naturschutzgebieten.  <\/p><p>Es gibt auch Versammlungen, die dem Lehrer die M\u00f6glichkeit geben, nicht nur Mitteilungen und Ank\u00fcndigungen an alle Sch\u00fcler zu machen und die Anwesenheit zu registrieren, sondern vor allem die Fortschritte einzelner Sch\u00fcler zu verfolgen und seelsorgerische Aufgaben anzusprechen, damit der Sch\u00fcler betreut wird. Dar\u00fcber hinaus werden verschiedene Themen angesprochen, die im Laufe des Jahres variieren und Themen wie Teilen, soziale Verantwortung, Recycling, Integration, Mobbing usw. umfassen. Diese Treffen sind ein wesentlicher Bestandteil unserer seelsorgerischen Betreuung. Die Sch\u00fcler haben auch die M\u00f6glichkeit, abwechselnd die Versammlung zu einem Thema zu leiten, das sie besonders interessiert. Sie k\u00f6nnen auch einige ihrer Arbeiten zeigen, ein kurzes Theaterst\u00fcck auff\u00fchren oder den anderen Klassenstufen von einem k\u00fcrzlich unternommenen Ausflug berichten.    <\/p>\t\t\t\t\t\t\t\t<\/div>\n\t\t\t\t<\/div>\n\t\t\t\t<\/div>\n\t\t\t\t\t<\/div>\n\t\t\t\t<\/div>\n\t\t<div class=\"elementor-element elementor-element-3a9452c e-flex e-con-boxed e-con e-parent\" data-id=\"3a9452c\" data-element_type=\"container\" data-e-type=\"container\" id=\"sat\" data-settings=\"{&quot;background_background&quot;:&quot;classic&quot;}\">\n\t\t\t\t\t<div class=\"e-con-inner\">\n\t\t<div class=\"elementor-element elementor-element-8bfdf48 e-con-full e-flex e-con e-child\" data-id=\"8bfdf48\" data-element_type=\"container\" data-e-type=\"container\">\n\t\t\t\t<div class=\"elementor-element elementor-element-3113c30 elementor-widget elementor-widget-heading\" data-id=\"3113c30\" data-element_type=\"widget\" data-e-type=\"widget\" data-widget_type=\"heading.default\">\n\t\t\t\t<div class=\"elementor-widget-container\">\n\t\t\t\t\t<h2 class=\"elementor-heading-title elementor-size-default\">SAT\/TOEFL<\/h2>\t\t\t\t<\/div>\n\t\t\t\t<\/div>\n\t\t\t\t<div class=\"elementor-element elementor-element-4a589be elementor-widget elementor-widget-text-editor\" data-id=\"4a589be\" data-element_type=\"widget\" data-e-type=\"widget\" data-widget_type=\"text-editor.default\">\n\t\t\t\t<div class=\"elementor-widget-container\">\n\t\t\t\t\t\t\t\t\t<p>RNS ist ein voll akkreditiertes Testzentrum f\u00fcr den Scholastic Aptitude Test (SAT) und bietet Sch\u00fclern und Mitgliedern der externen Gemeinschaft die M\u00f6glichkeit, an diesem Test teilzunehmen, der in den Vereinigten Staaten f\u00fcr den Hochschulzugang verwendet wird.<\/p><p>Der SAT misst die Lese- und Schreibf\u00e4higkeiten, die f\u00fcr den akademischen Erfolg am College erforderlich sind. Er zielt darauf ab, die analytischen und probleml\u00f6senden F\u00e4higkeiten zu bewerten, die sie in der Schule gelernt haben und die sie am College brauchen werden. Der Test wird innerhalb eines Zeitlimits durchgef\u00fchrt, um eine Reihe von Ergebnissen zu erzielen. Der SAT besteht aus drei Hauptabschnitten: kritisches Lesen, Mathematik und Schreiben. Jeder Abschnitt wird auf einer Skala von 200-800 Punkten bewertet. Der Test dauert 3 Stunden und 45 Minuten und ist in zeitlich begrenzte Abschnitte unterteilt, wobei die Fragen von leicht \u00fcber mittel bis schwer reichen.     <\/p><p>Der Test of English as a Foreign Language (TOEFL) ist ein standardisierter Test, der dazu dient, die Englischkenntnisse von Nicht-Muttersprachlern zu messen, die sich an englischsprachigen Universit\u00e4ten einschreiben m\u00f6chten. Der Test wird von vielen englischsprachigen akademischen und beruflichen Einrichtungen akzeptiert. Der TOEFL ist einer der beiden wichtigsten Englischtests der Welt, der andere ist der IELTS.  <\/p><p>Der Test dauert vier Stunden und wird auf einer Skala von 0-120 Punkten bewertet. Er besteht aus vier Abschnitten (Lesen, H\u00f6ren, Sprechen, Schreiben), von denen jeder eine der grundlegenden Sprachfertigkeiten misst. Alle Aufgaben konzentrieren sich auf die Sprache, die in einem akademischen Umfeld an Hochschulen verwendet wird. Die meisten Universit\u00e4ten verwenden die TOEFL-Ergebnisse nur als einen Faktor in ihrem Zulassungsverfahren, und eine Universit\u00e4t oder ein Studiengang innerhalb einer Universit\u00e4t legt oft eine Mindestanforderung f\u00fcr die TOEFL-Ergebnisse fest. Die TOEFL-Mindestpunktzahl reicht von 61 (Bowling Green State University) bis 111 (University of Oxford).   <\/p>\t\t\t\t\t\t\t\t<\/div>\n\t\t\t\t<\/div>\n\t\t\t\t<\/div>\n\t\t\t\t\t<\/div>\n\t\t\t\t<\/div>\n\t\t\t\t<\/div>\n\t\t","protected":false},"excerpt":{"rendered":"<p>Mittelschule Unser amerikanisches Middle School-Programm f\u00fcr die Klassen 7 und 8 legt den Grundstein daf\u00fcr, dass unsere Sch\u00fcler die Herausforderungen, die sie in der High School erwarten, erfolgreich meistern k\u00f6nnen. Dies f\u00fchrt zu einem reibungslosen \u00dcbergang, der ihr Selbstvertrauen weiter entwickelt und st\u00e4rkt. Wir entwickeln ein Bewusstsein f\u00fcr die Gemeinschaft, damit unsere Sch\u00fcler in einer &#8230; <a title=\"MITTELSCHULE\" class=\"read-more\" href=\"https:\/\/www.rafanadalschool.com\/de\/mittelschule\/\" aria-label=\"Mehr Informationen \u00fcber MITTELSCHULE\">Weiterlesen<\/a><\/p>\n","protected":false},"author":1,"featured_media":0,"parent":0,"menu_order":0,"comment_status":"closed","ping_status":"closed","template":"elementor_header_footer","meta":{"footnotes":""},"class_list":["post-9477","page","type-page","status-publish"],"yoast_head":"<!-- This site is optimized with the Yoast SEO plugin v27.4 - https:\/\/yoast.com\/product\/yoast-seo-wordpress\/ -->\n<title>MITTELSCHULE - Rafa Nadal School<\/title>\n<meta name=\"description\" content=\"Die Mittelstufe der Rafa Nadal Schule bereitet die Sch\u00fcler auf akademische und pers\u00f6nliche Herausforderungen vor und f\u00f6rdert ihre ganzheitliche Entwicklung.\" \/>\n<meta name=\"robots\" content=\"index, follow, max-snippet:-1, max-image-preview:large, max-video-preview:-1\" \/>\n<link rel=\"canonical\" href=\"https:\/\/www.rafanadalschool.com\/middle-school\/\" \/>\n<meta property=\"og:locale\" content=\"de_DE\" \/>\n<meta property=\"og:type\" content=\"article\" \/>\n<meta property=\"og:title\" content=\"MITTELSCHULE - Rafa Nadal School\" \/>\n<meta property=\"og:description\" content=\"Die Mittelstufe der Rafa Nadal Schule bereitet die Sch\u00fcler auf akademische und pers\u00f6nliche Herausforderungen vor und f\u00f6rdert ihre ganzheitliche Entwicklung.\" \/>\n<meta property=\"og:url\" content=\"https:\/\/www.rafanadalschool.com\/middle-school\/\" \/>\n<meta property=\"og:site_name\" content=\"Rafa Nadal School\" \/>\n<meta property=\"article:modified_time\" content=\"2025-11-21T14:44:42+00:00\" \/>\n<meta name=\"twitter:card\" content=\"summary_large_image\" \/>\n<meta name=\"twitter:label1\" content=\"Gesch\u00e4tzte Lesezeit\" \/>\n\t<meta name=\"twitter:data1\" content=\"4\u00a0Minuten\" \/>\n<script type=\"application\/ld+json\" class=\"yoast-schema-graph\">{\"@context\":\"https:\\\/\\\/schema.org\",\"@graph\":[{\"@type\":\"WebPage\",\"@id\":\"https:\\\/\\\/www.rafanadalschool.com\\\/middle-school\\\/\",\"url\":\"https:\\\/\\\/www.rafanadalschool.com\\\/middle-school\\\/\",\"name\":\"MITTELSCHULE - Rafa Nadal School\",\"isPartOf\":{\"@id\":\"https:\\\/\\\/www.rafanadalschool.com\\\/en\\\/#website\"},\"datePublished\":\"2021-04-12T12:51:38+00:00\",\"dateModified\":\"2025-11-21T14:44:42+00:00\",\"description\":\"Die Mittelstufe der Rafa Nadal Schule bereitet die Sch\u00fcler auf akademische und pers\u00f6nliche Herausforderungen vor und f\u00f6rdert ihre ganzheitliche Entwicklung.\",\"breadcrumb\":{\"@id\":\"https:\\\/\\\/www.rafanadalschool.com\\\/middle-school\\\/#breadcrumb\"},\"inLanguage\":\"de\",\"potentialAction\":[{\"@type\":\"ReadAction\",\"target\":[\"https:\\\/\\\/www.rafanadalschool.com\\\/middle-school\\\/\"]}]},{\"@type\":\"BreadcrumbList\",\"@id\":\"https:\\\/\\\/www.rafanadalschool.com\\\/middle-school\\\/#breadcrumb\",\"itemListElement\":[{\"@type\":\"ListItem\",\"position\":1,\"name\":\"Portada\",\"item\":\"https:\\\/\\\/www.rafanadalschool.com\\\/\"},{\"@type\":\"ListItem\",\"position\":2,\"name\":\"MITTELSCHULE\"}]},{\"@type\":\"WebSite\",\"@id\":\"https:\\\/\\\/www.rafanadalschool.com\\\/en\\\/#website\",\"url\":\"https:\\\/\\\/www.rafanadalschool.com\\\/en\\\/\",\"name\":\"Rafa Nadal School\",\"description\":\"American International School of Mallorca\",\"publisher\":{\"@id\":\"https:\\\/\\\/www.rafanadalschool.com\\\/en\\\/#organization\"},\"potentialAction\":[{\"@type\":\"SearchAction\",\"target\":{\"@type\":\"EntryPoint\",\"urlTemplate\":\"https:\\\/\\\/www.rafanadalschool.com\\\/en\\\/?s={search_term_string}\"},\"query-input\":{\"@type\":\"PropertyValueSpecification\",\"valueRequired\":true,\"valueName\":\"search_term_string\"}}],\"inLanguage\":\"de\"},{\"@type\":\"Organization\",\"@id\":\"https:\\\/\\\/www.rafanadalschool.com\\\/en\\\/#organization\",\"name\":\"Rafa Nadal School\",\"url\":\"https:\\\/\\\/www.rafanadalschool.com\\\/en\\\/\",\"logo\":{\"@type\":\"ImageObject\",\"inLanguage\":\"de\",\"@id\":\"https:\\\/\\\/www.rafanadalschool.com\\\/en\\\/#\\\/schema\\\/logo\\\/image\\\/\",\"url\":\"https:\\\/\\\/www.rafanadalschool.com\\\/wp-content\\\/uploads\\\/2022\\\/02\\\/RNIS_blanco-e1749628779400.png\",\"contentUrl\":\"https:\\\/\\\/www.rafanadalschool.com\\\/wp-content\\\/uploads\\\/2022\\\/02\\\/RNIS_blanco-e1749628779400.png\",\"width\":1285,\"height\":280,\"caption\":\"Rafa Nadal School\"},\"image\":{\"@id\":\"https:\\\/\\\/www.rafanadalschool.com\\\/en\\\/#\\\/schema\\\/logo\\\/image\\\/\"}}]}<\/script>\n<!-- \/ Yoast SEO plugin. -->","yoast_head_json":{"title":"MITTELSCHULE - Rafa Nadal School","description":"Die Mittelstufe der Rafa Nadal Schule bereitet die Sch\u00fcler auf akademische und pers\u00f6nliche Herausforderungen vor und f\u00f6rdert ihre ganzheitliche Entwicklung.","robots":{"index":"index","follow":"follow","max-snippet":"max-snippet:-1","max-image-preview":"max-image-preview:large","max-video-preview":"max-video-preview:-1"},"canonical":"https:\/\/www.rafanadalschool.com\/middle-school\/","og_locale":"de_DE","og_type":"article","og_title":"MITTELSCHULE - Rafa Nadal School","og_description":"Die Mittelstufe der Rafa Nadal Schule bereitet die Sch\u00fcler auf akademische und pers\u00f6nliche Herausforderungen vor und f\u00f6rdert ihre ganzheitliche Entwicklung.","og_url":"https:\/\/www.rafanadalschool.com\/middle-school\/","og_site_name":"Rafa Nadal School","article_modified_time":"2025-11-21T14:44:42+00:00","twitter_card":"summary_large_image","twitter_misc":{"Gesch\u00e4tzte Lesezeit":"4\u00a0Minuten"},"schema":{"@context":"https:\/\/schema.org","@graph":[{"@type":"WebPage","@id":"https:\/\/www.rafanadalschool.com\/middle-school\/","url":"https:\/\/www.rafanadalschool.com\/middle-school\/","name":"MITTELSCHULE - Rafa Nadal School","isPartOf":{"@id":"https:\/\/www.rafanadalschool.com\/en\/#website"},"datePublished":"2021-04-12T12:51:38+00:00","dateModified":"2025-11-21T14:44:42+00:00","description":"Die Mittelstufe der Rafa Nadal Schule bereitet die Sch\u00fcler auf akademische und pers\u00f6nliche Herausforderungen vor und f\u00f6rdert ihre ganzheitliche Entwicklung.","breadcrumb":{"@id":"https:\/\/www.rafanadalschool.com\/middle-school\/#breadcrumb"},"inLanguage":"de","potentialAction":[{"@type":"ReadAction","target":["https:\/\/www.rafanadalschool.com\/middle-school\/"]}]},{"@type":"BreadcrumbList","@id":"https:\/\/www.rafanadalschool.com\/middle-school\/#breadcrumb","itemListElement":[{"@type":"ListItem","position":1,"name":"Portada","item":"https:\/\/www.rafanadalschool.com\/"},{"@type":"ListItem","position":2,"name":"MITTELSCHULE"}]},{"@type":"WebSite","@id":"https:\/\/www.rafanadalschool.com\/en\/#website","url":"https:\/\/www.rafanadalschool.com\/en\/","name":"Rafa Nadal School","description":"American International School of Mallorca","publisher":{"@id":"https:\/\/www.rafanadalschool.com\/en\/#organization"},"potentialAction":[{"@type":"SearchAction","target":{"@type":"EntryPoint","urlTemplate":"https:\/\/www.rafanadalschool.com\/en\/?s={search_term_string}"},"query-input":{"@type":"PropertyValueSpecification","valueRequired":true,"valueName":"search_term_string"}}],"inLanguage":"de"},{"@type":"Organization","@id":"https:\/\/www.rafanadalschool.com\/en\/#organization","name":"Rafa Nadal School","url":"https:\/\/www.rafanadalschool.com\/en\/","logo":{"@type":"ImageObject","inLanguage":"de","@id":"https:\/\/www.rafanadalschool.com\/en\/#\/schema\/logo\/image\/","url":"https:\/\/www.rafanadalschool.com\/wp-content\/uploads\/2022\/02\/RNIS_blanco-e1749628779400.png","contentUrl":"https:\/\/www.rafanadalschool.com\/wp-content\/uploads\/2022\/02\/RNIS_blanco-e1749628779400.png","width":1285,"height":280,"caption":"Rafa Nadal School"},"image":{"@id":"https:\/\/www.rafanadalschool.com\/en\/#\/schema\/logo\/image\/"}}]}},"_links":{"self":[{"href":"https:\/\/www.rafanadalschool.com\/de\/wp-json\/wp\/v2\/pages\/9477","targetHints":{"allow":["GET"]}}],"collection":[{"href":"https:\/\/www.rafanadalschool.com\/de\/wp-json\/wp\/v2\/pages"}],"about":[{"href":"https:\/\/www.rafanadalschool.com\/de\/wp-json\/wp\/v2\/types\/page"}],"author":[{"embeddable":true,"href":"https:\/\/www.rafanadalschool.com\/de\/wp-json\/wp\/v2\/users\/1"}],"replies":[{"embeddable":true,"href":"https:\/\/www.rafanadalschool.com\/de\/wp-json\/wp\/v2\/comments?post=9477"}],"version-history":[{"count":7,"href":"https:\/\/www.rafanadalschool.com\/de\/wp-json\/wp\/v2\/pages\/9477\/revisions"}],"predecessor-version":[{"id":10181,"href":"https:\/\/www.rafanadalschool.com\/de\/wp-json\/wp\/v2\/pages\/9477\/revisions\/10181"}],"wp:attachment":[{"href":"https:\/\/www.rafanadalschool.com\/de\/wp-json\/wp\/v2\/media?parent=9477"}],"curies":[{"name":"wp","href":"https:\/\/api.w.org\/{rel}","templated":true}]}}