{"id":9611,"date":"2021-04-13T11:49:43","date_gmt":"2021-04-13T09:49:43","guid":{"rendered":"https:\/\/www.rafanadalschool.com\/primaerschule\/"},"modified":"2026-01-29T10:46:17","modified_gmt":"2026-01-29T09:46:17","slug":"primaerschule","status":"publish","type":"page","link":"https:\/\/www.rafanadalschool.com\/de\/primaerschule\/","title":{"rendered":"PRIM\u00c4RSCHULE"},"content":{"rendered":"\t\t<div data-elementor-type=\"wp-page\" data-elementor-id=\"9611\" class=\"elementor elementor-9611 elementor-1104\" data-elementor-post-type=\"page\">\n\t\t\t\t<div class=\"elementor-element elementor-element-d9e567e e-con-full e-flex e-con e-parent\" data-id=\"d9e567e\" data-element_type=\"container\" data-e-type=\"container\" data-settings=\"{&quot;background_background&quot;:&quot;classic&quot;}\">\n\t\t<div class=\"elementor-element elementor-element-7446786 e-con-full e-flex e-con e-child\" data-id=\"7446786\" data-element_type=\"container\" data-e-type=\"container\">\n\t\t\t\t<\/div>\n\t\t\t\t<\/div>\n\t\t<div class=\"elementor-element elementor-element-3845ccc e-con-full e-flex e-con e-parent\" data-id=\"3845ccc\" data-element_type=\"container\" data-e-type=\"container\" data-settings=\"{&quot;background_background&quot;:&quot;classic&quot;}\">\n\t\t<div class=\"elementor-element elementor-element-0584bc6 e-con-full e-flex e-con e-child\" data-id=\"0584bc6\" data-element_type=\"container\" data-e-type=\"container\">\n\t\t\t\t<div class=\"elementor-element elementor-element-be5f9d0 elementor-widget elementor-widget-heading\" data-id=\"be5f9d0\" data-element_type=\"widget\" data-e-type=\"widget\" data-widget_type=\"heading.default\">\n\t\t\t\t<div class=\"elementor-widget-container\">\n\t\t\t\t\t<h1 class=\"elementor-heading-title elementor-size-default\">Prim\u00e4re<\/h1>\t\t\t\t<\/div>\n\t\t\t\t<\/div>\n\t\t\t\t<div class=\"elementor-element elementor-element-cd798ae elementor-widget elementor-widget-text-editor\" data-id=\"cd798ae\" data-element_type=\"widget\" data-e-type=\"widget\" data-widget_type=\"text-editor.default\">\n\t\t\t\t<div class=\"elementor-widget-container\">\n\t\t\t\t\t\t\t\t\t<p data-start=\"3005\" data-end=\"3370\">Von der Nursery bis zur Year 6 an der <strong data-start=\"3043\" data-end=\"3072\">Rafa Nadal School Primary<\/strong> engagieren wir uns f\u00fcr akademische Exzellenz und f\u00f6rdern zugleich das individuelle Potenzial jedes Kindes. Unser personalisierter Ansatz stellt sicher, dass jede Sch\u00fclerin und jeder Sch\u00fcler sowohl gefordert als auch unterst\u00fctzt wird, um Selbstvertrauen, Eigenst\u00e4ndigkeit und Neugier zu entwickeln.<\/p><p data-start=\"3372\" data-end=\"3779\">Verankert in der Strenge des britischen Curriculums vermittelt unser Unterricht den Sch\u00fclerinnen und Sch\u00fclern eine solide Grundlage in den Kernf\u00e4chern und f\u00f6rdert zugleich kritisches Denken, Kreativit\u00e4t und Resilienz \u2013 F\u00e4higkeiten, die sie ben\u00f6tigen, um erfolgreich zu sein. Auf diese Weise bereiten wir unsere Lernenden darauf vor, die Herausforderungen der Sekundarstufe mit Ehrgeiz und Erfolg anzunehmen.<\/p>\t\t\t\t\t\t\t\t<\/div>\n\t\t\t\t<\/div>\n\t\t\t\t<\/div>\n\t\t\t\t<\/div>\n\t\t<div class=\"elementor-element elementor-element-a181e68 e-con-full e-flex e-con e-parent\" data-id=\"a181e68\" data-element_type=\"container\" data-e-type=\"container\" id=\"calendario\" data-settings=\"{&quot;background_background&quot;:&quot;classic&quot;}\">\n\t\t<div class=\"elementor-element elementor-element-ed788ac e-con-full e-flex e-con e-child\" data-id=\"ed788ac\" data-element_type=\"container\" data-e-type=\"container\">\n\t\t\t\t<div class=\"elementor-element elementor-element-d2f8473 elementor-cta--layout-image-above elementor-cta--mobile-layout-image-above elementor-cta--valign-middle elementor-cta--skin-classic elementor-animated-content elementor-bg-transform elementor-bg-transform-zoom-in elementor-widget elementor-widget-call-to-action\" data-id=\"d2f8473\" data-element_type=\"widget\" data-e-type=\"widget\" data-widget_type=\"call-to-action.default\">\n\t\t\t\t<div class=\"elementor-widget-container\">\n\t\t\t\t\t\t\t<div class=\"elementor-cta\">\n\t\t\t\t\t<div class=\"elementor-cta__bg-wrapper\">\n\t\t\t\t<div class=\"elementor-cta__bg elementor-bg\" style=\"background-image: url(https:\/\/www.rafanadalschool.com\/wp-content\/uploads\/2024\/02\/DSC04282-Mejorado-NR-e1709120035222-1024x783.jpg);\" role=\"img\" aria-label=\"DSC04282-Mejorado-NR\"><\/div>\n\t\t\t\t<div class=\"elementor-cta__bg-overlay\"><\/div>\n\t\t\t<\/div>\n\t\t\t\t\t\t\t<div class=\"elementor-cta__content\">\n\t\t\t\t\n\t\t\t\t\t\t\t\t\t<h2 class=\"elementor-cta__title elementor-cta__content-item elementor-content-item\">\n\t\t\t\t\t\tKalender 2024-2025\t\t\t\t\t<\/h2>\n\t\t\t\t\n\t\t\t\t\n\t\t\t\t\t\t\t\t\t<div class=\"elementor-cta__button-wrapper elementor-cta__content-item elementor-content-item \">\n\t\t\t\t\t<a class=\"elementor-cta__button elementor-button elementor-size-\" href=\"https:\/\/www.rafanadalschool.com\/wp-content\/uploads\/2024\/06\/Calendar-Primary-24-25.pdf\" target=\"_blank\">\n\t\t\t\t\t\tHerunterladen\t\t\t\t\t<\/a>\n\t\t\t\t\t<\/div>\n\t\t\t\t\t\t\t<\/div>\n\t\t\t\t\t\t<\/div>\n\t\t\t\t\t\t<\/div>\n\t\t\t\t<\/div>\n\t\t\t\t<\/div>\n\t\t<div class=\"elementor-element elementor-element-0c42b3a e-con-full e-flex e-con e-child\" data-id=\"0c42b3a\" data-element_type=\"container\" data-e-type=\"container\">\n\t\t\t\t<div class=\"elementor-element elementor-element-6749689 elementor-cta--layout-image-above elementor-cta--mobile-layout-image-above elementor-cta--valign-middle elementor-cta--skin-classic elementor-animated-content elementor-bg-transform elementor-bg-transform-zoom-in elementor-widget elementor-widget-call-to-action\" data-id=\"6749689\" data-element_type=\"widget\" data-e-type=\"widget\" data-widget_type=\"call-to-action.default\">\n\t\t\t\t<div class=\"elementor-widget-container\">\n\t\t\t\t\t\t\t<div class=\"elementor-cta\">\n\t\t\t\t\t<div class=\"elementor-cta__bg-wrapper\">\n\t\t\t\t<div class=\"elementor-cta__bg elementor-bg\" style=\"background-image: url(https:\/\/www.rafanadalschool.com\/wp-content\/uploads\/2023\/12\/DSC08993-1024x683.jpg);\" role=\"img\" aria-label=\"DSC08993\"><\/div>\n\t\t\t\t<div class=\"elementor-cta__bg-overlay\"><\/div>\n\t\t\t<\/div>\n\t\t\t\t\t\t\t<div class=\"elementor-cta__content\">\n\t\t\t\t\n\t\t\t\t\t\t\t\t\t<h2 class=\"elementor-cta__title elementor-cta__content-item elementor-content-item\">\n\t\t\t\t\t\tSchulstunden\t\t\t\t\t<\/h2>\n\t\t\t\t\n\t\t\t\t\n\t\t\t\t\t\t\t\t\t<div class=\"elementor-cta__button-wrapper elementor-cta__content-item elementor-content-item \">\n\t\t\t\t\t<a class=\"elementor-cta__button elementor-button elementor-size-\" href=\"https:\/\/www.rafanadalschool.com\/wp-content\/uploads\/2023\/10\/Year-1-and-5.pdf\" target=\"_blank\">\n\t\t\t\t\t\tBeispiel herunterladen\t\t\t\t\t<\/a>\n\t\t\t\t\t<\/div>\n\t\t\t\t\t\t\t<\/div>\n\t\t\t\t\t\t<\/div>\n\t\t\t\t\t\t<\/div>\n\t\t\t\t<\/div>\n\t\t\t\t<\/div>\n\t\t<div class=\"elementor-element elementor-element-87de38e e-con-full e-flex e-con e-child\" data-id=\"87de38e\" data-element_type=\"container\" data-e-type=\"container\">\n\t\t\t\t<div class=\"elementor-element elementor-element-c48d517 elementor-cta--layout-image-above elementor-cta--mobile-layout-image-above elementor-cta--valign-middle elementor-cta--skin-classic elementor-animated-content elementor-bg-transform elementor-bg-transform-zoom-in elementor-widget elementor-widget-call-to-action\" data-id=\"c48d517\" data-element_type=\"widget\" data-e-type=\"widget\" data-widget_type=\"call-to-action.default\">\n\t\t\t\t<div class=\"elementor-widget-container\">\n\t\t\t\t\t\t\t<div class=\"elementor-cta\">\n\t\t\t\t\t<div class=\"elementor-cta__bg-wrapper\">\n\t\t\t\t<div class=\"elementor-cta__bg elementor-bg\" style=\"background-image: url(https:\/\/www.rafanadalschool.com\/wp-content\/uploads\/2023\/12\/ISM09020-1024x683.jpg);\" role=\"img\" aria-label=\"ISM09020\"><\/div>\n\t\t\t\t<div class=\"elementor-cta__bg-overlay\"><\/div>\n\t\t\t<\/div>\n\t\t\t\t\t\t\t<div class=\"elementor-cta__content\">\n\t\t\t\t\n\t\t\t\t\t\t\t\t\t<h2 class=\"elementor-cta__title elementor-cta__content-item elementor-content-item\">\n\t\t\t\t\t\tLehrplan\t\t\t\t\t<\/h2>\n\t\t\t\t\n\t\t\t\t\n\t\t\t\t\t\t\t\t\t<div class=\"elementor-cta__button-wrapper elementor-cta__content-item elementor-content-item \">\n\t\t\t\t\t<a class=\"elementor-cta__button elementor-button elementor-size-\" href=\"https:\/\/www.rafanadalschool.com\/wp-content\/uploads\/2026\/01\/CV-primary-en.pdf\" target=\"_blank\">\n\t\t\t\t\t\tHerunterladen\t\t\t\t\t<\/a>\n\t\t\t\t\t<\/div>\n\t\t\t\t\t\t\t<\/div>\n\t\t\t\t\t\t<\/div>\n\t\t\t\t\t\t<\/div>\n\t\t\t\t<\/div>\n\t\t\t\t<\/div>\n\t\t\t\t<\/div>\n\t\t<div class=\"elementor-element elementor-element-952809b e-flex e-con-boxed e-con e-parent\" data-id=\"952809b\" data-element_type=\"container\" data-e-type=\"container\" id=\"vida\" data-settings=\"{&quot;background_background&quot;:&quot;classic&quot;}\">\n\t\t\t\t\t<div class=\"e-con-inner\">\n\t\t<div class=\"elementor-element elementor-element-63da6ed e-con-full e-flex e-con e-child\" data-id=\"63da6ed\" data-element_type=\"container\" data-e-type=\"container\">\n\t\t\t\t<div class=\"elementor-element elementor-element-e6506a2 elementor-widget elementor-widget-heading\" data-id=\"e6506a2\" data-element_type=\"widget\" data-e-type=\"widget\" data-widget_type=\"heading.default\">\n\t\t\t\t<div class=\"elementor-widget-container\">\n\t\t\t\t\t<h1 class=\"elementor-heading-title elementor-size-default\">Schulleben<\/h1>\t\t\t\t<\/div>\n\t\t\t\t<\/div>\n\t\t\t\t<div class=\"elementor-element elementor-element-2135914 elementor-widget elementor-widget-text-editor\" data-id=\"2135914\" data-element_type=\"widget\" data-e-type=\"widget\" data-widget_type=\"text-editor.default\">\n\t\t\t\t<div class=\"elementor-widget-container\">\n\t\t\t\t\t\t\t\t\t<p data-start=\"3781\" data-end=\"4310\">An der RNS sind wir \u00fcberzeugt, dass akademische Exzellenz Hand in Hand mit pers\u00f6nlicher Entwicklung geht. Jedes Kind wird ermutigt, unterst\u00fctzt und herausgefordert, sein volles Potenzial zu entfalten. Unser individueller Ansatz stellt sicher, dass die Sch\u00fclerinnen und Sch\u00fcler in ihrem Lernen gef\u00f6rdert werden und zugleich die Betreuung und Anleitung erhalten, die sie f\u00fcr ihre Entfaltung ben\u00f6tigen. Gl\u00fcckliche, motivierte und gut unterst\u00fctzte Kinder erzielen sowohl im Unterricht als auch au\u00dferhalb hervorragende Leistungen.<\/p><p data-start=\"4312\" data-end=\"4906\">Der Schulalltag ist abwechslungsreich gestaltet und verbindet anspruchsvolles akademisches Lernen mit Sport, Kunst, au\u00dferschulischen Aktivit\u00e4ten und Engagement in der Gemeinschaft. F\u00fchrung und Verantwortung sind zentrale Bestandteile unseres Ethos: Die Sch\u00fclerinnen und Sch\u00fcler haben die M\u00f6glichkeit, Aufgaben als House Captains oder Vertreter im School Council zu \u00fcbernehmen und dabei Selbstvertrauen sowie eine starke Stimme innerhalb der Schule zu entwickeln. Das <em data-start=\"4787\" data-end=\"4794\">House<\/em>-System st\u00e4rkt die Gemeinschaft und f\u00f6rdert Teamgeist, gesunden Wettbewerb und ein gemeinsames Identit\u00e4tsgef\u00fchl.<\/p><p data-start=\"4908\" data-end=\"5588\">Unser Lehrplan ist sowohl anspruchsvoll als auch zukunftsorientiert. Er ist in der britischen Tradition akademischer Exzellenz verwurzelt und richtet zugleich den Blick nach vorn, mit einem besonderen Schwerpunkt auf Nachhaltigkeit, globale Kompetenzen und Wohlbefinden. Der Informatikunterricht f\u00fchrt die Sch\u00fclerinnen und Sch\u00fcler an moderne Technologien heran, w\u00e4hrend der Spanisch- und Katalanischunterricht ihnen erm\u00f6glicht, sich in einem mehrsprachigen Umfeld sicher zu bewegen und kulturelles Bewusstsein zu entwickeln. So erwerben die Sch\u00fclerinnen und Sch\u00fcler das Wissen, die F\u00e4higkeiten und die Werte, die sie f\u00fcr den Erfolg in einer sich st\u00e4ndig wandelnden Welt ben\u00f6tigen.<\/p><p data-start=\"5590\" data-end=\"6169\">Lernen an der RNS geht \u00fcber das Klassenzimmer hinaus. Bildungs- und Kulturfahrten bereichern den Lehrplan und machen die Unterrichtsinhalte lebendig, w\u00e4hrend die j\u00e4hrliche Klassenfahrt f\u00fcr die Year 5 und Year 6 \u2013 zu Zielen wie Menorca und Barcelona \u2013 ein au\u00dfergew\u00f6hnliches Erlebnis darstellt. Diese Erfahrungen festigen nicht nur das akademische Lernen, sondern f\u00f6rdern auch Selbstst\u00e4ndigkeit, Resilienz und Teamarbeit und bereiten die Sch\u00fclerinnen und Sch\u00fcler mit den notwendigen F\u00e4higkeiten und dem Selbstvertrauen auf den n\u00e4chsten Abschnitt ihrer schulischen Laufbahn vor.<\/p>\t\t\t\t\t\t\t\t<\/div>\n\t\t\t\t<\/div>\n\t\t\t\t<\/div>\n\t\t\t\t\t<\/div>\n\t\t\t\t<\/div>\n\t\t\t\t<\/div>\n\t\t","protected":false},"excerpt":{"rendered":"<p>Prim\u00e4re Von der Nursery bis zur Year 6 an der Rafa Nadal School Primary engagieren wir uns f\u00fcr akademische Exzellenz und f\u00f6rdern zugleich das individuelle Potenzial jedes Kindes. Unser personalisierter Ansatz stellt sicher, dass jede Sch\u00fclerin und jeder Sch\u00fcler sowohl gefordert als auch unterst\u00fctzt wird, um Selbstvertrauen, Eigenst\u00e4ndigkeit und Neugier zu entwickeln. Verankert in der &#8230; <a title=\"PRIM\u00c4RSCHULE\" class=\"read-more\" href=\"https:\/\/www.rafanadalschool.com\/de\/primaerschule\/\" aria-label=\"Mehr Informationen \u00fcber PRIM\u00c4RSCHULE\">Weiterlesen<\/a><\/p>\n","protected":false},"author":1,"featured_media":0,"parent":0,"menu_order":0,"comment_status":"closed","ping_status":"closed","template":"elementor_header_footer","meta":{"footnotes":""},"class_list":["post-9611","page","type-page","status-publish"],"yoast_head":"<!-- This site is optimized with the Yoast SEO plugin v27.4 - https:\/\/yoast.com\/product\/yoast-seo-wordpress\/ -->\n<title>PRIM\u00c4RSCHULE - Rafa Nadal Schule<\/title>\n<meta name=\"description\" content=\"Die Rafa Nadal International School Primary bietet ihren Sch\u00fclern fortschrittliche britische Lehrmethoden. Kontaktieren Sie uns!\" \/>\n<meta name=\"robots\" content=\"index, follow, max-snippet:-1, max-image-preview:large, max-video-preview:-1\" \/>\n<link rel=\"canonical\" href=\"https:\/\/www.rafanadalschool.com\/primary-school\/\" \/>\n<meta property=\"og:locale\" content=\"de_DE\" \/>\n<meta property=\"og:type\" content=\"article\" \/>\n<meta property=\"og:title\" content=\"PRIM\u00c4RSCHULE - Rafa Nadal Schule\" \/>\n<meta property=\"og:description\" content=\"Die Rafa Nadal International School Primary bietet ihren Sch\u00fclern fortschrittliche britische Lehrmethoden. Kontaktieren Sie uns!\" \/>\n<meta property=\"og:url\" content=\"https:\/\/www.rafanadalschool.com\/primary-school\/\" \/>\n<meta property=\"og:site_name\" content=\"Rafa Nadal School\" \/>\n<meta property=\"article:modified_time\" content=\"2026-01-29T09:46:17+00:00\" \/>\n<meta name=\"twitter:card\" content=\"summary_large_image\" \/>\n<meta name=\"twitter:label1\" content=\"Gesch\u00e4tzte Lesezeit\" \/>\n\t<meta name=\"twitter:data1\" content=\"3\u00a0Minuten\" \/>\n<script type=\"application\/ld+json\" class=\"yoast-schema-graph\">{\"@context\":\"https:\\\/\\\/schema.org\",\"@graph\":[{\"@type\":\"WebPage\",\"@id\":\"https:\\\/\\\/www.rafanadalschool.com\\\/primary-school\\\/\",\"url\":\"https:\\\/\\\/www.rafanadalschool.com\\\/primary-school\\\/\",\"name\":\"PRIM\u00c4RSCHULE - Rafa Nadal Schule\",\"isPartOf\":{\"@id\":\"https:\\\/\\\/www.rafanadalschool.com\\\/en\\\/#website\"},\"datePublished\":\"2021-04-13T09:49:43+00:00\",\"dateModified\":\"2026-01-29T09:46:17+00:00\",\"description\":\"Die Rafa Nadal International School Primary bietet ihren Sch\u00fclern fortschrittliche britische Lehrmethoden. Kontaktieren Sie uns!\",\"breadcrumb\":{\"@id\":\"https:\\\/\\\/www.rafanadalschool.com\\\/primary-school\\\/#breadcrumb\"},\"inLanguage\":\"de\",\"potentialAction\":[{\"@type\":\"ReadAction\",\"target\":[\"https:\\\/\\\/www.rafanadalschool.com\\\/primary-school\\\/\"]}]},{\"@type\":\"BreadcrumbList\",\"@id\":\"https:\\\/\\\/www.rafanadalschool.com\\\/primary-school\\\/#breadcrumb\",\"itemListElement\":[{\"@type\":\"ListItem\",\"position\":1,\"name\":\"Portada\",\"item\":\"https:\\\/\\\/www.rafanadalschool.com\\\/\"},{\"@type\":\"ListItem\",\"position\":2,\"name\":\"PRIM\u00c4RSCHULE\"}]},{\"@type\":\"WebSite\",\"@id\":\"https:\\\/\\\/www.rafanadalschool.com\\\/en\\\/#website\",\"url\":\"https:\\\/\\\/www.rafanadalschool.com\\\/en\\\/\",\"name\":\"Rafa Nadal School\",\"description\":\"American International School of Mallorca\",\"publisher\":{\"@id\":\"https:\\\/\\\/www.rafanadalschool.com\\\/en\\\/#organization\"},\"potentialAction\":[{\"@type\":\"SearchAction\",\"target\":{\"@type\":\"EntryPoint\",\"urlTemplate\":\"https:\\\/\\\/www.rafanadalschool.com\\\/en\\\/?s={search_term_string}\"},\"query-input\":{\"@type\":\"PropertyValueSpecification\",\"valueRequired\":true,\"valueName\":\"search_term_string\"}}],\"inLanguage\":\"de\"},{\"@type\":\"Organization\",\"@id\":\"https:\\\/\\\/www.rafanadalschool.com\\\/en\\\/#organization\",\"name\":\"Rafa Nadal School\",\"url\":\"https:\\\/\\\/www.rafanadalschool.com\\\/en\\\/\",\"logo\":{\"@type\":\"ImageObject\",\"inLanguage\":\"de\",\"@id\":\"https:\\\/\\\/www.rafanadalschool.com\\\/en\\\/#\\\/schema\\\/logo\\\/image\\\/\",\"url\":\"https:\\\/\\\/www.rafanadalschool.com\\\/wp-content\\\/uploads\\\/2022\\\/02\\\/RNIS_blanco-e1749628779400.png\",\"contentUrl\":\"https:\\\/\\\/www.rafanadalschool.com\\\/wp-content\\\/uploads\\\/2022\\\/02\\\/RNIS_blanco-e1749628779400.png\",\"width\":1285,\"height\":280,\"caption\":\"Rafa Nadal School\"},\"image\":{\"@id\":\"https:\\\/\\\/www.rafanadalschool.com\\\/en\\\/#\\\/schema\\\/logo\\\/image\\\/\"}}]}<\/script>\n<!-- \/ Yoast SEO plugin. -->","yoast_head_json":{"title":"PRIM\u00c4RSCHULE - Rafa Nadal Schule","description":"Die Rafa Nadal International School Primary bietet ihren Sch\u00fclern fortschrittliche britische Lehrmethoden. Kontaktieren Sie uns!","robots":{"index":"index","follow":"follow","max-snippet":"max-snippet:-1","max-image-preview":"max-image-preview:large","max-video-preview":"max-video-preview:-1"},"canonical":"https:\/\/www.rafanadalschool.com\/primary-school\/","og_locale":"de_DE","og_type":"article","og_title":"PRIM\u00c4RSCHULE - Rafa Nadal Schule","og_description":"Die Rafa Nadal International School Primary bietet ihren Sch\u00fclern fortschrittliche britische Lehrmethoden. Kontaktieren Sie uns!","og_url":"https:\/\/www.rafanadalschool.com\/primary-school\/","og_site_name":"Rafa Nadal School","article_modified_time":"2026-01-29T09:46:17+00:00","twitter_card":"summary_large_image","twitter_misc":{"Gesch\u00e4tzte Lesezeit":"3\u00a0Minuten"},"schema":{"@context":"https:\/\/schema.org","@graph":[{"@type":"WebPage","@id":"https:\/\/www.rafanadalschool.com\/primary-school\/","url":"https:\/\/www.rafanadalschool.com\/primary-school\/","name":"PRIM\u00c4RSCHULE - Rafa Nadal Schule","isPartOf":{"@id":"https:\/\/www.rafanadalschool.com\/en\/#website"},"datePublished":"2021-04-13T09:49:43+00:00","dateModified":"2026-01-29T09:46:17+00:00","description":"Die Rafa Nadal International School Primary bietet ihren Sch\u00fclern fortschrittliche britische Lehrmethoden. Kontaktieren Sie uns!","breadcrumb":{"@id":"https:\/\/www.rafanadalschool.com\/primary-school\/#breadcrumb"},"inLanguage":"de","potentialAction":[{"@type":"ReadAction","target":["https:\/\/www.rafanadalschool.com\/primary-school\/"]}]},{"@type":"BreadcrumbList","@id":"https:\/\/www.rafanadalschool.com\/primary-school\/#breadcrumb","itemListElement":[{"@type":"ListItem","position":1,"name":"Portada","item":"https:\/\/www.rafanadalschool.com\/"},{"@type":"ListItem","position":2,"name":"PRIM\u00c4RSCHULE"}]},{"@type":"WebSite","@id":"https:\/\/www.rafanadalschool.com\/en\/#website","url":"https:\/\/www.rafanadalschool.com\/en\/","name":"Rafa Nadal School","description":"American International School of Mallorca","publisher":{"@id":"https:\/\/www.rafanadalschool.com\/en\/#organization"},"potentialAction":[{"@type":"SearchAction","target":{"@type":"EntryPoint","urlTemplate":"https:\/\/www.rafanadalschool.com\/en\/?s={search_term_string}"},"query-input":{"@type":"PropertyValueSpecification","valueRequired":true,"valueName":"search_term_string"}}],"inLanguage":"de"},{"@type":"Organization","@id":"https:\/\/www.rafanadalschool.com\/en\/#organization","name":"Rafa Nadal School","url":"https:\/\/www.rafanadalschool.com\/en\/","logo":{"@type":"ImageObject","inLanguage":"de","@id":"https:\/\/www.rafanadalschool.com\/en\/#\/schema\/logo\/image\/","url":"https:\/\/www.rafanadalschool.com\/wp-content\/uploads\/2022\/02\/RNIS_blanco-e1749628779400.png","contentUrl":"https:\/\/www.rafanadalschool.com\/wp-content\/uploads\/2022\/02\/RNIS_blanco-e1749628779400.png","width":1285,"height":280,"caption":"Rafa Nadal School"},"image":{"@id":"https:\/\/www.rafanadalschool.com\/en\/#\/schema\/logo\/image\/"}}]}},"_links":{"self":[{"href":"https:\/\/www.rafanadalschool.com\/de\/wp-json\/wp\/v2\/pages\/9611","targetHints":{"allow":["GET"]}}],"collection":[{"href":"https:\/\/www.rafanadalschool.com\/de\/wp-json\/wp\/v2\/pages"}],"about":[{"href":"https:\/\/www.rafanadalschool.com\/de\/wp-json\/wp\/v2\/types\/page"}],"author":[{"embeddable":true,"href":"https:\/\/www.rafanadalschool.com\/de\/wp-json\/wp\/v2\/users\/1"}],"replies":[{"embeddable":true,"href":"https:\/\/www.rafanadalschool.com\/de\/wp-json\/wp\/v2\/comments?post=9611"}],"version-history":[{"count":13,"href":"https:\/\/www.rafanadalschool.com\/de\/wp-json\/wp\/v2\/pages\/9611\/revisions"}],"predecessor-version":[{"id":10232,"href":"https:\/\/www.rafanadalschool.com\/de\/wp-json\/wp\/v2\/pages\/9611\/revisions\/10232"}],"wp:attachment":[{"href":"https:\/\/www.rafanadalschool.com\/de\/wp-json\/wp\/v2\/media?parent=9611"}],"curies":[{"name":"wp","href":"https:\/\/api.w.org\/{rel}","templated":true}]}}