{"id":9831,"date":"2021-04-12T14:53:30","date_gmt":"2021-04-12T12:53:30","guid":{"rendered":"https:\/\/www.rafanadalschool.com\/admissionen\/"},"modified":"2025-07-22T09:19:07","modified_gmt":"2025-07-22T07:19:07","slug":"admissionen","status":"publish","type":"page","link":"https:\/\/www.rafanadalschool.com\/de\/admissionen\/","title":{"rendered":"ADMISSIONEN"},"content":{"rendered":"\t\t<div data-elementor-type=\"wp-page\" data-elementor-id=\"9831\" class=\"elementor elementor-9831 elementor-999\" data-elementor-post-type=\"page\">\n\t\t\t\t<div class=\"elementor-element elementor-element-291e146 e-con-full e-flex e-con e-parent\" data-id=\"291e146\" data-element_type=\"container\" data-e-type=\"container\" data-settings=\"{&quot;background_background&quot;:&quot;classic&quot;}\">\n\t\t<div class=\"elementor-element elementor-element-0b4a8ca e-con-full e-flex e-con e-child\" data-id=\"0b4a8ca\" data-element_type=\"container\" data-e-type=\"container\">\n\t\t\t\t<\/div>\n\t\t\t\t<\/div>\n\t\t<div class=\"elementor-element elementor-element-11160d1 e-con-full e-flex e-con e-parent\" data-id=\"11160d1\" data-element_type=\"container\" data-e-type=\"container\" data-settings=\"{&quot;background_background&quot;:&quot;classic&quot;}\">\n\t\t<div class=\"elementor-element elementor-element-698cd1d e-con-full e-flex e-con e-child\" data-id=\"698cd1d\" data-element_type=\"container\" data-e-type=\"container\">\n\t\t\t\t<div class=\"elementor-element elementor-element-44838e7 elementor-widget elementor-widget-heading\" data-id=\"44838e7\" data-element_type=\"widget\" data-e-type=\"widget\" data-widget_type=\"heading.default\">\n\t\t\t\t<div class=\"elementor-widget-container\">\n\t\t\t\t\t<h1 class=\"elementor-heading-title elementor-size-default\">Zulassungen<\/h1>\t\t\t\t<\/div>\n\t\t\t\t<\/div>\n\t\t\t\t<div class=\"elementor-element elementor-element-474beed elementor-widget elementor-widget-text-editor\" data-id=\"474beed\" data-element_type=\"widget\" data-e-type=\"widget\" data-widget_type=\"text-editor.default\">\n\t\t\t\t<div class=\"elementor-widget-container\">\n\t\t\t\t\t\t\t\t\t<p>Wenn Sie der Meinung sind, dass die RNS die richtige Schule f\u00fcr Ihre Kinder ist, ist der n\u00e4chste Schritt die Bewerbung um einen Platz. Sobald wir Ihre Bewerbung erhalten haben, werden wir uns mit Ihnen in Verbindung setzen, um einen Termin zu vereinbaren, damit wir mit dem Anmeldeverfahren fortfahren k\u00f6nnen. <\/p>\t\t\t\t\t\t\t\t<\/div>\n\t\t\t\t<\/div>\n\t\t\t\t<\/div>\n\t\t\t\t<\/div>\n\t\t<div class=\"elementor-element elementor-element-5f63b5b e-flex e-con-boxed e-con e-parent\" data-id=\"5f63b5b\" data-element_type=\"container\" data-e-type=\"container\" data-settings=\"{&quot;background_background&quot;:&quot;classic&quot;}\">\n\t\t\t\t\t<div class=\"e-con-inner\">\n\t\t<div class=\"elementor-element elementor-element-d22bb3c e-con-full e-flex e-con e-child\" data-id=\"d22bb3c\" data-element_type=\"container\" data-e-type=\"container\">\n\t\t\t\t<div class=\"elementor-element elementor-element-dd66c6a elementor-cta--layout-image-left elementor-cta--mobile-layout-image-above elementor-cta--tablet-layout-image-above elementor-cta--skin-classic elementor-animated-content elementor-bg-transform elementor-bg-transform-zoom-in elementor-widget elementor-widget-call-to-action\" data-id=\"dd66c6a\" data-element_type=\"widget\" data-e-type=\"widget\" data-widget_type=\"call-to-action.default\">\n\t\t\t\t<div class=\"elementor-widget-container\">\n\t\t\t\t\t\t\t<div class=\"elementor-cta\">\n\t\t\t\t\t<div class=\"elementor-cta__bg-wrapper\">\n\t\t\t\t<div class=\"elementor-cta__bg elementor-bg\" style=\"background-image: url(https:\/\/www.rafanadalschool.com\/wp-content\/uploads\/2023\/12\/WhatsApp-Image-2023-12-11-at-17.04.15-e1750088568435-1024x680.jpeg);\" role=\"img\" aria-label=\"WhatsApp Image 2023-12-11 at 17.04.15\"><\/div>\n\t\t\t\t<div class=\"elementor-cta__bg-overlay\"><\/div>\n\t\t\t<\/div>\n\t\t\t\t\t\t\t<div class=\"elementor-cta__content\">\n\t\t\t\t\n\t\t\t\t\t\t\t\t\t<h2 class=\"elementor-cta__title elementor-cta__content-item elementor-content-item\">\n\t\t\t\t\t\tBewertung\t\t\t\t\t<\/h2>\n\t\t\t\t\n\t\t\t\t\t\t\t\t\t<div class=\"elementor-cta__description elementor-cta__content-item elementor-content-item\">\n\t\t\t\t\t\tRNS-Bewerber m\u00fcssen Schulzeugnisse aus dem Vorjahr oder, wenn Sie Sch\u00fcler einer High School sind, f\u00fcr alle vorangegangenen Jahre der High School, Kontaktdaten der vorherigen Schule einreichen und ein informelles Gespr\u00e4ch f\u00fchren. Bewerber aus der Mittel- und Oberstufe k\u00f6nnen aufgefordert werden, einen schriftlichen Test in Englisch und Mathematik abzulegen. Wenn der Sch\u00fcler ein Muttersprachler ist und\/oder von einer britischen oder amerikanischen Schule kommt, k\u00f6nnen wir auf die Englisch- und Mathematiktests verzichten.  \t\t\t\t\t<\/div>\n\t\t\t\t\n\t\t\t\t\t\t\t\t\t<div class=\"elementor-cta__button-wrapper elementor-cta__content-item elementor-content-item \">\n\t\t\t\t\t<a class=\"elementor-cta__button elementor-button elementor-size-\" href=\"https:\/\/www.rafanadalschool.com\/wp-content\/uploads\/2025\/03\/Application-Form.pdf\" target=\"_blank\">\n\t\t\t\t\t\tBewerbungsformular herunterladen\t\t\t\t\t<\/a>\n\t\t\t\t\t<\/div>\n\t\t\t\t\t\t\t<\/div>\n\t\t\t\t\t\t<\/div>\n\t\t\t\t\t\t<\/div>\n\t\t\t\t<\/div>\n\t\t\t\t<\/div>\n\t\t\t\t\t<\/div>\n\t\t\t\t<\/div>\n\t\t<div class=\"elementor-element elementor-element-a5d630d e-flex e-con-boxed e-con e-parent\" data-id=\"a5d630d\" data-element_type=\"container\" data-e-type=\"container\">\n\t\t\t\t\t<div class=\"e-con-inner\">\n\t\t<div class=\"elementor-element elementor-element-dc4b92b e-con-full e-flex e-con e-child\" data-id=\"dc4b92b\" data-element_type=\"container\" data-e-type=\"container\">\n\t\t\t\t<div class=\"elementor-element elementor-element-addffda elementor-widget elementor-widget-heading\" data-id=\"addffda\" data-element_type=\"widget\" data-e-type=\"widget\" data-widget_type=\"heading.default\">\n\t\t\t\t<div class=\"elementor-widget-container\">\n\t\t\t\t\t<h4 class=\"elementor-heading-title elementor-size-default\">Einrichtungen<\/h4>\t\t\t\t<\/div>\n\t\t\t\t<\/div>\n\t\t\t\t<div class=\"elementor-element elementor-element-7437d69 elementor-widget elementor-widget-text-editor\" data-id=\"7437d69\" data-element_type=\"widget\" data-e-type=\"widget\" data-widget_type=\"text-editor.default\">\n\t\t\t\t<div class=\"elementor-widget-container\">\n\t\t\t\t\t\t\t\t\t<p>Bevor Sie Ihre Kinder anmelden, empfehlen wir Ihnen, die Schule zu besuchen. Sie k\u00f6nnen uns einfach anrufen oder eine E-Mail schicken, um einen Besuch zu vereinbaren. Dies ist eine fantastische Gelegenheit, unsere wunderbaren Einrichtungen zu sehen und unsere Mitarbeiter kennenzulernen.  <\/p>\t\t\t\t\t\t\t\t<\/div>\n\t\t\t\t<\/div>\n\t\t\t\t<\/div>\n\t\t\t\t\t<\/div>\n\t\t\t\t<\/div>\n\t\t<div class=\"elementor-element elementor-element-08d68c6 e-con-full e-flex e-con e-parent\" data-id=\"08d68c6\" data-element_type=\"container\" data-e-type=\"container\">\n\t\t<div class=\"elementor-element elementor-element-1a63370 e-con-full e-flex e-con e-child\" data-id=\"1a63370\" data-element_type=\"container\" data-e-type=\"container\">\n\t\t\t\t<div class=\"elementor-element elementor-element-1b2b001 elementor-arrows-position-inside elementor-widget elementor-widget-image-carousel\" data-id=\"1b2b001\" data-element_type=\"widget\" data-e-type=\"widget\" data-settings=\"{&quot;slides_to_show&quot;:&quot;3&quot;,&quot;slides_to_scroll&quot;:&quot;1&quot;,&quot;navigation&quot;:&quot;arrows&quot;,&quot;autoplay&quot;:&quot;yes&quot;,&quot;pause_on_hover&quot;:&quot;yes&quot;,&quot;pause_on_interaction&quot;:&quot;yes&quot;,&quot;autoplay_speed&quot;:5000,&quot;infinite&quot;:&quot;yes&quot;,&quot;speed&quot;:500,&quot;image_spacing_custom&quot;:{&quot;unit&quot;:&quot;px&quot;,&quot;size&quot;:20,&quot;sizes&quot;:[]},&quot;image_spacing_custom_tablet&quot;:{&quot;unit&quot;:&quot;px&quot;,&quot;size&quot;:&quot;&quot;,&quot;sizes&quot;:[]},&quot;image_spacing_custom_mobile&quot;:{&quot;unit&quot;:&quot;px&quot;,&quot;size&quot;:&quot;&quot;,&quot;sizes&quot;:[]}}\" data-widget_type=\"image-carousel.default\">\n\t\t\t\t<div class=\"elementor-widget-container\">\n\t\t\t\t\t\t\t<div class=\"elementor-image-carousel-wrapper swiper\" role=\"region\" aria-roledescription=\"carousel\" aria-label=\"Carrusel de im\u00e1genes\" dir=\"ltr\">\n\t\t\t<div class=\"elementor-image-carousel swiper-wrapper\" aria-live=\"off\">\n\t\t\t\t\t\t\t\t<div class=\"swiper-slide\" role=\"group\" aria-roledescription=\"slide\" aria-label=\"1 von 11\"><figure class=\"swiper-slide-inner\"><img decoding=\"async\" class=\"swiper-slide-image\" src=\"https:\/\/www.rafanadalschool.com\/wp-content\/uploads\/2023\/11\/1-scaled.jpg\" alt=\"1\" \/><\/figure><\/div><div class=\"swiper-slide\" role=\"group\" aria-roledescription=\"slide\" aria-label=\"2 von 11\"><figure class=\"swiper-slide-inner\"><img decoding=\"async\" class=\"swiper-slide-image\" src=\"https:\/\/www.rafanadalschool.com\/wp-content\/uploads\/2023\/11\/5-scaled.jpg\" alt=\"5\" \/><\/figure><\/div><div class=\"swiper-slide\" role=\"group\" aria-roledescription=\"slide\" aria-label=\"3 von 11\"><figure class=\"swiper-slide-inner\"><img decoding=\"async\" class=\"swiper-slide-image\" src=\"https:\/\/www.rafanadalschool.com\/wp-content\/uploads\/2023\/11\/19-scaled.jpg\" alt=\"19\" \/><\/figure><\/div><div class=\"swiper-slide\" role=\"group\" aria-roledescription=\"slide\" aria-label=\"4 von 11\"><figure class=\"swiper-slide-inner\"><img decoding=\"async\" class=\"swiper-slide-image\" src=\"https:\/\/www.rafanadalschool.com\/wp-content\/uploads\/2023\/11\/2-1-scaled.jpg\" alt=\"2\" \/><\/figure><\/div><div class=\"swiper-slide\" role=\"group\" aria-roledescription=\"slide\" aria-label=\"5 von 11\"><figure class=\"swiper-slide-inner\"><img decoding=\"async\" class=\"swiper-slide-image\" src=\"https:\/\/www.rafanadalschool.com\/wp-content\/uploads\/2023\/11\/20-scaled.jpg\" alt=\"20\" \/><\/figure><\/div><div class=\"swiper-slide\" role=\"group\" aria-roledescription=\"slide\" aria-label=\"6 von 11\"><figure class=\"swiper-slide-inner\"><img decoding=\"async\" class=\"swiper-slide-image\" src=\"https:\/\/www.rafanadalschool.com\/wp-content\/uploads\/2023\/11\/9-scaled.jpg\" alt=\"9\" \/><\/figure><\/div><div class=\"swiper-slide\" role=\"group\" aria-roledescription=\"slide\" aria-label=\"7 von 11\"><figure class=\"swiper-slide-inner\"><img decoding=\"async\" class=\"swiper-slide-image\" src=\"https:\/\/www.rafanadalschool.com\/wp-content\/uploads\/2023\/11\/4A-scaled.jpg\" alt=\"4A\" \/><\/figure><\/div><div class=\"swiper-slide\" role=\"group\" aria-roledescription=\"slide\" aria-label=\"8 von 11\"><figure class=\"swiper-slide-inner\"><img decoding=\"async\" class=\"swiper-slide-image\" src=\"https:\/\/www.rafanadalschool.com\/wp-content\/uploads\/2023\/11\/16-scaled.jpg\" alt=\"16\" \/><\/figure><\/div><div class=\"swiper-slide\" role=\"group\" aria-roledescription=\"slide\" aria-label=\"9 von 11\"><figure class=\"swiper-slide-inner\"><img decoding=\"async\" class=\"swiper-slide-image\" src=\"https:\/\/www.rafanadalschool.com\/wp-content\/uploads\/2023\/11\/24-scaled.jpg\" alt=\"24\" \/><\/figure><\/div><div class=\"swiper-slide\" role=\"group\" aria-roledescription=\"slide\" aria-label=\"10 von 11\"><figure class=\"swiper-slide-inner\"><img decoding=\"async\" class=\"swiper-slide-image\" src=\"https:\/\/www.rafanadalschool.com\/wp-content\/uploads\/2023\/11\/44-scaled.jpg\" alt=\"44\" \/><\/figure><\/div><div class=\"swiper-slide\" role=\"group\" aria-roledescription=\"slide\" aria-label=\"11 von 11\"><figure class=\"swiper-slide-inner\"><img decoding=\"async\" class=\"swiper-slide-image\" src=\"https:\/\/www.rafanadalschool.com\/wp-content\/uploads\/2024\/02\/DSC09209-Mejorado-NR-e1709118864827.jpg\" alt=\"DSC09209-Mejorado-NR\" \/><\/figure><\/div>\t\t\t<\/div>\n\t\t\t\t\t\t\t\t\t\t\t\t<div class=\"elementor-swiper-button elementor-swiper-button-prev\" role=\"button\" tabindex=\"0\">\n\t\t\t\t\t\t<i aria-hidden=\"true\" class=\"eicon-chevron-left\"><\/i>\t\t\t\t\t<\/div>\n\t\t\t\t\t<div class=\"elementor-swiper-button elementor-swiper-button-next\" role=\"button\" tabindex=\"0\">\n\t\t\t\t\t\t<i aria-hidden=\"true\" class=\"eicon-chevron-right\"><\/i>\t\t\t\t\t<\/div>\n\t\t\t\t\n\t\t\t\t\t\t\t\t\t<\/div>\n\t\t\t\t\t\t<\/div>\n\t\t\t\t<\/div>\n\t\t\t\t<\/div>\n\t\t\t\t<\/div>\n\t\t\t\t<\/div>\n\t\t","protected":false},"excerpt":{"rendered":"<p>Zulassungen Wenn Sie der Meinung sind, dass die RNS die richtige Schule f\u00fcr Ihre Kinder ist, ist der n\u00e4chste Schritt die Bewerbung um einen Platz. Sobald wir Ihre Bewerbung erhalten haben, werden wir uns mit Ihnen in Verbindung setzen, um einen Termin zu vereinbaren, damit wir mit dem Anmeldeverfahren fortfahren k\u00f6nnen. Bewertung RNS-Bewerber m\u00fcssen Schulzeugnisse &#8230; <a title=\"ADMISSIONEN\" class=\"read-more\" href=\"https:\/\/www.rafanadalschool.com\/de\/admissionen\/\" aria-label=\"Mehr Informationen \u00fcber ADMISSIONEN\">Weiterlesen<\/a><\/p>\n","protected":false},"author":1,"featured_media":0,"parent":0,"menu_order":0,"comment_status":"closed","ping_status":"closed","template":"elementor_header_footer","meta":{"footnotes":""},"class_list":["post-9831","page","type-page","status-publish"],"yoast_head":"<!-- This site is optimized with the Yoast SEO plugin v27.5 - https:\/\/yoast.com\/product\/yoast-seo-wordpress\/ -->\n<title>ADMISSIONEN - Rafa Nadal School<\/title>\n<meta name=\"description\" content=\"Entdecken Sie das Aufnahmeverfahren an der Rafa Nadal Schule und werden Sie Teil einer Bildungsgemeinschaft, die Spitzenleistungen und sportliche Werte f\u00f6rdert.\" \/>\n<meta name=\"robots\" content=\"index, follow, max-snippet:-1, max-image-preview:large, max-video-preview:-1\" \/>\n<link rel=\"canonical\" href=\"https:\/\/www.rafanadalschool.com\/de\/admissionen\/\" \/>\n<meta property=\"og:locale\" content=\"de_DE\" \/>\n<meta property=\"og:type\" content=\"article\" \/>\n<meta property=\"og:title\" content=\"ADMISSIONEN - Rafa Nadal School\" \/>\n<meta property=\"og:description\" content=\"Entdecken Sie das Aufnahmeverfahren an der Rafa Nadal Schule und werden Sie Teil einer Bildungsgemeinschaft, die Spitzenleistungen und sportliche Werte f\u00f6rdert.\" \/>\n<meta property=\"og:url\" content=\"https:\/\/www.rafanadalschool.com\/de\/admissionen\/\" \/>\n<meta property=\"og:site_name\" content=\"Rafa Nadal School\" \/>\n<meta property=\"article:modified_time\" content=\"2025-07-22T07:19:07+00:00\" \/>\n<meta property=\"og:image\" content=\"https:\/\/www.rafanadalschool.com\/wp-content\/uploads\/2023\/11\/1-scaled.jpg\" \/>\n<meta name=\"twitter:card\" content=\"summary_large_image\" \/>\n<meta name=\"twitter:label1\" content=\"Gesch\u00e4tzte Lesezeit\" \/>\n\t<meta name=\"twitter:data1\" content=\"1\u00a0Minute\" \/>\n<script type=\"application\/ld+json\" class=\"yoast-schema-graph\">{\"@context\":\"https:\\\/\\\/schema.org\",\"@graph\":[{\"@type\":\"WebPage\",\"@id\":\"https:\\\/\\\/www.rafanadalschool.com\\\/de\\\/admissionen\\\/\",\"url\":\"https:\\\/\\\/www.rafanadalschool.com\\\/de\\\/admissionen\\\/\",\"name\":\"ADMISSIONEN - Rafa Nadal School\",\"isPartOf\":{\"@id\":\"https:\\\/\\\/www.rafanadalschool.com\\\/en\\\/#website\"},\"primaryImageOfPage\":{\"@id\":\"https:\\\/\\\/www.rafanadalschool.com\\\/de\\\/admissionen\\\/#primaryimage\"},\"image\":{\"@id\":\"https:\\\/\\\/www.rafanadalschool.com\\\/de\\\/admissionen\\\/#primaryimage\"},\"thumbnailUrl\":\"https:\\\/\\\/www.rafanadalschool.com\\\/wp-content\\\/uploads\\\/2023\\\/11\\\/1-scaled.jpg\",\"datePublished\":\"2021-04-12T12:53:30+00:00\",\"dateModified\":\"2025-07-22T07:19:07+00:00\",\"description\":\"Entdecken Sie das Aufnahmeverfahren an der Rafa Nadal Schule und werden Sie Teil einer Bildungsgemeinschaft, die Spitzenleistungen und sportliche Werte f\u00f6rdert.\",\"breadcrumb\":{\"@id\":\"https:\\\/\\\/www.rafanadalschool.com\\\/de\\\/admissionen\\\/#breadcrumb\"},\"inLanguage\":\"de\",\"potentialAction\":[{\"@type\":\"ReadAction\",\"target\":[\"https:\\\/\\\/www.rafanadalschool.com\\\/de\\\/admissionen\\\/\"]}]},{\"@type\":\"ImageObject\",\"inLanguage\":\"de\",\"@id\":\"https:\\\/\\\/www.rafanadalschool.com\\\/de\\\/admissionen\\\/#primaryimage\",\"url\":\"https:\\\/\\\/www.rafanadalschool.com\\\/wp-content\\\/uploads\\\/2023\\\/11\\\/1-scaled.jpg\",\"contentUrl\":\"https:\\\/\\\/www.rafanadalschool.com\\\/wp-content\\\/uploads\\\/2023\\\/11\\\/1-scaled.jpg\"},{\"@type\":\"BreadcrumbList\",\"@id\":\"https:\\\/\\\/www.rafanadalschool.com\\\/de\\\/admissionen\\\/#breadcrumb\",\"itemListElement\":[{\"@type\":\"ListItem\",\"position\":1,\"name\":\"Portada\",\"item\":\"https:\\\/\\\/www.rafanadalschool.com\\\/\"},{\"@type\":\"ListItem\",\"position\":2,\"name\":\"ADMISSIONEN\"}]},{\"@type\":\"WebSite\",\"@id\":\"https:\\\/\\\/www.rafanadalschool.com\\\/en\\\/#website\",\"url\":\"https:\\\/\\\/www.rafanadalschool.com\\\/en\\\/\",\"name\":\"Rafa Nadal School\",\"description\":\"American International School of Mallorca\",\"publisher\":{\"@id\":\"https:\\\/\\\/www.rafanadalschool.com\\\/en\\\/#organization\"},\"potentialAction\":[{\"@type\":\"SearchAction\",\"target\":{\"@type\":\"EntryPoint\",\"urlTemplate\":\"https:\\\/\\\/www.rafanadalschool.com\\\/en\\\/?s={search_term_string}\"},\"query-input\":{\"@type\":\"PropertyValueSpecification\",\"valueRequired\":true,\"valueName\":\"search_term_string\"}}],\"inLanguage\":\"de\"},{\"@type\":\"Organization\",\"@id\":\"https:\\\/\\\/www.rafanadalschool.com\\\/en\\\/#organization\",\"name\":\"Rafa Nadal School\",\"url\":\"https:\\\/\\\/www.rafanadalschool.com\\\/en\\\/\",\"logo\":{\"@type\":\"ImageObject\",\"inLanguage\":\"de\",\"@id\":\"https:\\\/\\\/www.rafanadalschool.com\\\/en\\\/#\\\/schema\\\/logo\\\/image\\\/\",\"url\":\"https:\\\/\\\/www.rafanadalschool.com\\\/wp-content\\\/uploads\\\/2022\\\/02\\\/RNIS_blanco-e1749628779400.png\",\"contentUrl\":\"https:\\\/\\\/www.rafanadalschool.com\\\/wp-content\\\/uploads\\\/2022\\\/02\\\/RNIS_blanco-e1749628779400.png\",\"width\":1285,\"height\":280,\"caption\":\"Rafa Nadal School\"},\"image\":{\"@id\":\"https:\\\/\\\/www.rafanadalschool.com\\\/en\\\/#\\\/schema\\\/logo\\\/image\\\/\"}}]}<\/script>\n<!-- \/ Yoast SEO plugin. -->","yoast_head_json":{"title":"ADMISSIONEN - Rafa Nadal School","description":"Entdecken Sie das Aufnahmeverfahren an der Rafa Nadal Schule und werden Sie Teil einer Bildungsgemeinschaft, die Spitzenleistungen und sportliche Werte f\u00f6rdert.","robots":{"index":"index","follow":"follow","max-snippet":"max-snippet:-1","max-image-preview":"max-image-preview:large","max-video-preview":"max-video-preview:-1"},"canonical":"https:\/\/www.rafanadalschool.com\/de\/admissionen\/","og_locale":"de_DE","og_type":"article","og_title":"ADMISSIONEN - Rafa Nadal School","og_description":"Entdecken Sie das Aufnahmeverfahren an der Rafa Nadal Schule und werden Sie Teil einer Bildungsgemeinschaft, die Spitzenleistungen und sportliche Werte f\u00f6rdert.","og_url":"https:\/\/www.rafanadalschool.com\/de\/admissionen\/","og_site_name":"Rafa Nadal School","article_modified_time":"2025-07-22T07:19:07+00:00","og_image":[{"url":"https:\/\/www.rafanadalschool.com\/wp-content\/uploads\/2023\/11\/1-scaled.jpg","type":"","width":"","height":""}],"twitter_card":"summary_large_image","twitter_misc":{"Gesch\u00e4tzte Lesezeit":"1\u00a0Minute"},"schema":{"@context":"https:\/\/schema.org","@graph":[{"@type":"WebPage","@id":"https:\/\/www.rafanadalschool.com\/de\/admissionen\/","url":"https:\/\/www.rafanadalschool.com\/de\/admissionen\/","name":"ADMISSIONEN - Rafa Nadal School","isPartOf":{"@id":"https:\/\/www.rafanadalschool.com\/en\/#website"},"primaryImageOfPage":{"@id":"https:\/\/www.rafanadalschool.com\/de\/admissionen\/#primaryimage"},"image":{"@id":"https:\/\/www.rafanadalschool.com\/de\/admissionen\/#primaryimage"},"thumbnailUrl":"https:\/\/www.rafanadalschool.com\/wp-content\/uploads\/2023\/11\/1-scaled.jpg","datePublished":"2021-04-12T12:53:30+00:00","dateModified":"2025-07-22T07:19:07+00:00","description":"Entdecken Sie das Aufnahmeverfahren an der Rafa Nadal Schule und werden Sie Teil einer Bildungsgemeinschaft, die Spitzenleistungen und sportliche Werte f\u00f6rdert.","breadcrumb":{"@id":"https:\/\/www.rafanadalschool.com\/de\/admissionen\/#breadcrumb"},"inLanguage":"de","potentialAction":[{"@type":"ReadAction","target":["https:\/\/www.rafanadalschool.com\/de\/admissionen\/"]}]},{"@type":"ImageObject","inLanguage":"de","@id":"https:\/\/www.rafanadalschool.com\/de\/admissionen\/#primaryimage","url":"https:\/\/www.rafanadalschool.com\/wp-content\/uploads\/2023\/11\/1-scaled.jpg","contentUrl":"https:\/\/www.rafanadalschool.com\/wp-content\/uploads\/2023\/11\/1-scaled.jpg"},{"@type":"BreadcrumbList","@id":"https:\/\/www.rafanadalschool.com\/de\/admissionen\/#breadcrumb","itemListElement":[{"@type":"ListItem","position":1,"name":"Portada","item":"https:\/\/www.rafanadalschool.com\/"},{"@type":"ListItem","position":2,"name":"ADMISSIONEN"}]},{"@type":"WebSite","@id":"https:\/\/www.rafanadalschool.com\/en\/#website","url":"https:\/\/www.rafanadalschool.com\/en\/","name":"Rafa Nadal School","description":"American International School of Mallorca","publisher":{"@id":"https:\/\/www.rafanadalschool.com\/en\/#organization"},"potentialAction":[{"@type":"SearchAction","target":{"@type":"EntryPoint","urlTemplate":"https:\/\/www.rafanadalschool.com\/en\/?s={search_term_string}"},"query-input":{"@type":"PropertyValueSpecification","valueRequired":true,"valueName":"search_term_string"}}],"inLanguage":"de"},{"@type":"Organization","@id":"https:\/\/www.rafanadalschool.com\/en\/#organization","name":"Rafa Nadal School","url":"https:\/\/www.rafanadalschool.com\/en\/","logo":{"@type":"ImageObject","inLanguage":"de","@id":"https:\/\/www.rafanadalschool.com\/en\/#\/schema\/logo\/image\/","url":"https:\/\/www.rafanadalschool.com\/wp-content\/uploads\/2022\/02\/RNIS_blanco-e1749628779400.png","contentUrl":"https:\/\/www.rafanadalschool.com\/wp-content\/uploads\/2022\/02\/RNIS_blanco-e1749628779400.png","width":1285,"height":280,"caption":"Rafa Nadal School"},"image":{"@id":"https:\/\/www.rafanadalschool.com\/en\/#\/schema\/logo\/image\/"}}]}},"_links":{"self":[{"href":"https:\/\/www.rafanadalschool.com\/de\/wp-json\/wp\/v2\/pages\/9831","targetHints":{"allow":["GET"]}}],"collection":[{"href":"https:\/\/www.rafanadalschool.com\/de\/wp-json\/wp\/v2\/pages"}],"about":[{"href":"https:\/\/www.rafanadalschool.com\/de\/wp-json\/wp\/v2\/types\/page"}],"author":[{"embeddable":true,"href":"https:\/\/www.rafanadalschool.com\/de\/wp-json\/wp\/v2\/users\/1"}],"replies":[{"embeddable":true,"href":"https:\/\/www.rafanadalschool.com\/de\/wp-json\/wp\/v2\/comments?post=9831"}],"version-history":[{"count":1,"href":"https:\/\/www.rafanadalschool.com\/de\/wp-json\/wp\/v2\/pages\/9831\/revisions"}],"predecessor-version":[{"id":9842,"href":"https:\/\/www.rafanadalschool.com\/de\/wp-json\/wp\/v2\/pages\/9831\/revisions\/9842"}],"wp:attachment":[{"href":"https:\/\/www.rafanadalschool.com\/de\/wp-json\/wp\/v2\/media?parent=9831"}],"curies":[{"name":"wp","href":"https:\/\/api.w.org\/{rel}","templated":true}]}}